{"id":97,"date":"2025-02-09T17:13:41","date_gmt":"2025-02-09T16:13:41","guid":{"rendered":"https:\/\/ppci74.fr\/?page_id=97"},"modified":"2026-03-03T16:24:45","modified_gmt":"2026-03-03T15:24:45","slug":"reseau-jpm","status":"publish","type":"page","link":"https:\/\/ppci74.fr\/index.php\/reseau-jpm\/","title":{"rendered":"R\u00e9seau JPM"},"content":{"rendered":"\t\t<div data-elementor-type=\"wp-page\" data-elementor-id=\"97\" class=\"elementor elementor-97\">\n\t\t\t\t<div class=\"elementor-element elementor-element-2232a37 e-flex e-con-boxed e-con e-parent\" data-id=\"2232a37\" data-element_type=\"container\">\n\t\t\t\t\t<div class=\"e-con-inner\">\n\t\t\t\t<div class=\"elementor-element elementor-element-1539f1c elementor-widget elementor-widget-heading\" data-id=\"1539f1c\" data-element_type=\"widget\" data-widget_type=\"heading.default\">\n\t\t\t\t<div class=\"elementor-widget-container\">\n\t\t\t\t\t<h2 class=\"elementor-heading-title elementor-size-default\">P P C I, votre r\u00e9f\u00e9rent bennes JPM en Savoie et  Haute-Savoie<\/h2>\t\t\t\t<\/div>\n\t\t\t\t<\/div>\n\t\t\t\t<div class=\"elementor-element elementor-element-f348d0b elementor-widget-divider--view-line elementor-widget elementor-widget-divider\" data-id=\"f348d0b\" data-element_type=\"widget\" data-widget_type=\"divider.default\">\n\t\t\t\t<div class=\"elementor-widget-container\">\n\t\t\t\t\t\t\t<div class=\"elementor-divider\">\n\t\t\t<span class=\"elementor-divider-separator\">\n\t\t\t\t\t\t<\/span>\n\t\t<\/div>\n\t\t\t\t\t\t<\/div>\n\t\t\t\t<\/div>\n\t\t\t\t<div class=\"elementor-element elementor-element-e7ec6dd elementor-widget-divider--view-line elementor-widget elementor-widget-divider\" data-id=\"e7ec6dd\" data-element_type=\"widget\" data-widget_type=\"divider.default\">\n\t\t\t\t<div class=\"elementor-widget-container\">\n\t\t\t\t\t\t\t<div class=\"elementor-divider\">\n\t\t\t<span class=\"elementor-divider-separator\">\n\t\t\t\t\t\t<\/span>\n\t\t<\/div>\n\t\t\t\t\t\t<\/div>\n\t\t\t\t<\/div>\n\t\t\t\t\t<\/div>\n\t\t\t\t<\/div>\n\t\t<div class=\"elementor-element elementor-element-09215db e-flex e-con-boxed e-con e-parent\" data-id=\"09215db\" data-element_type=\"container\">\n\t\t\t\t\t<div class=\"e-con-inner\">\n\t\t<div class=\"elementor-element elementor-element-17bd99f e-con-full e-flex e-con e-child\" data-id=\"17bd99f\" data-element_type=\"container\">\n\t\t\t\t<div class=\"elementor-element elementor-element-6e7740c elementor-widget elementor-widget-image\" data-id=\"6e7740c\" data-element_type=\"widget\" data-widget_type=\"image.default\">\n\t\t\t\t<div class=\"elementor-widget-container\">\n\t\t\t\t\t\t\t\t\t\t\t\t\t\t\t<img fetchpriority=\"high\" decoding=\"async\" width=\"1024\" height=\"512\" src=\"https:\/\/ppci74.fr\/wp-content\/uploads\/2025\/02\/ppci-logo2-1024x512.png\" class=\"attachment-large size-large wp-image-99\" alt=\"\" srcset=\"https:\/\/ppci74.fr\/wp-content\/uploads\/2025\/02\/ppci-logo2-1024x512.png 1024w, https:\/\/ppci74.fr\/wp-content\/uploads\/2025\/02\/ppci-logo2-300x150.png 300w, https:\/\/ppci74.fr\/wp-content\/uploads\/2025\/02\/ppci-logo2-768x384.png 768w, https:\/\/ppci74.fr\/wp-content\/uploads\/2025\/02\/ppci-logo2-1536x768.png 1536w, https:\/\/ppci74.fr\/wp-content\/uploads\/2025\/02\/ppci-logo2-2048x1023.png 2048w\" sizes=\"(max-width: 1024px) 100vw, 1024px\" \/>\t\t\t\t\t\t\t\t\t\t\t\t\t\t\t<\/div>\n\t\t\t\t<\/div>\n\t\t\t\t<\/div>\n\t\t<div class=\"elementor-element elementor-element-db6cad8 e-con-full e-flex e-con e-child\" data-id=\"db6cad8\" data-element_type=\"container\">\n\t\t\t\t<div class=\"elementor-element elementor-element-17ea51a elementor-widget elementor-widget-image\" data-id=\"17ea51a\" data-element_type=\"widget\" data-widget_type=\"image.default\">\n\t\t\t\t<div class=\"elementor-widget-container\">\n\t\t\t\t\t\t\t\t\t\t\t\t\t\t\t<img decoding=\"async\" width=\"256\" height=\"256\" src=\"https:\/\/ppci74.fr\/wp-content\/uploads\/2025\/02\/BENNES-JPM.jpg\" class=\"attachment-large size-large wp-image-100\" alt=\"\" srcset=\"https:\/\/ppci74.fr\/wp-content\/uploads\/2025\/02\/BENNES-JPM.jpg 256w, https:\/\/ppci74.fr\/wp-content\/uploads\/2025\/02\/BENNES-JPM-150x150.jpg 150w\" sizes=\"(max-width: 256px) 100vw, 256px\" \/>\t\t\t\t\t\t\t\t\t\t\t\t\t\t\t<\/div>\n\t\t\t\t<\/div>\n\t\t\t\t<\/div>\n\t\t\t\t\t<\/div>\n\t\t\t\t<\/div>\n\t\t<div class=\"elementor-element elementor-element-745b8aa e-flex e-con-boxed e-con e-parent\" data-id=\"745b8aa\" data-element_type=\"container\">\n\t\t\t\t\t<div class=\"e-con-inner\">\n\t\t\t\t<div class=\"elementor-element elementor-element-0997482 elementor-widget-divider--view-line elementor-widget elementor-widget-divider\" data-id=\"0997482\" data-element_type=\"widget\" data-widget_type=\"divider.default\">\n\t\t\t\t<div class=\"elementor-widget-container\">\n\t\t\t\t\t\t\t<div class=\"elementor-divider\">\n\t\t\t<span class=\"elementor-divider-separator\">\n\t\t\t\t\t\t<\/span>\n\t\t<\/div>\n\t\t\t\t\t\t<\/div>\n\t\t\t\t<\/div>\n\t\t\t\t<div class=\"elementor-element elementor-element-a23dbfc elementor-widget-divider--view-line elementor-widget elementor-widget-divider\" data-id=\"a23dbfc\" data-element_type=\"widget\" data-widget_type=\"divider.default\">\n\t\t\t\t<div class=\"elementor-widget-container\">\n\t\t\t\t\t\t\t<div class=\"elementor-divider\">\n\t\t\t<span class=\"elementor-divider-separator\">\n\t\t\t\t\t\t<\/span>\n\t\t<\/div>\n\t\t\t\t\t\t<\/div>\n\t\t\t\t<\/div>\n\t\t\t\t\t<\/div>\n\t\t\t\t<\/div>\n\t\t<div class=\"elementor-element elementor-element-3089bf4 e-flex e-con-boxed e-con e-parent\" data-id=\"3089bf4\" data-element_type=\"container\">\n\t\t\t\t\t<div class=\"e-con-inner\">\n\t\t\t\t<div class=\"elementor-element elementor-element-3c5ce8e elementor-widget elementor-widget-heading\" data-id=\"3c5ce8e\" data-element_type=\"widget\" data-widget_type=\"heading.default\">\n\t\t\t\t<div class=\"elementor-widget-container\">\n\t\t\t\t\t<h2 class=\"elementor-heading-title elementor-size-default\">Zoom sur cette coop\u00e9ration<\/h2>\t\t\t\t<\/div>\n\t\t\t\t<\/div>\n\t\t\t\t\t<\/div>\n\t\t\t\t<\/div>\n\t\t<div class=\"elementor-element elementor-element-7f72322 e-con-full e-flex e-con e-parent\" data-id=\"7f72322\" data-element_type=\"container\">\n\t\t<div class=\"elementor-element elementor-element-5bce1d6 e-con-full e-flex e-con e-child\" data-id=\"5bce1d6\" data-element_type=\"container\">\n\t\t\t\t<\/div>\n\t\t<div class=\"elementor-element elementor-element-e5a8d98 e-con-full e-flex e-con e-child\" data-id=\"e5a8d98\" data-element_type=\"container\">\n\t\t\t\t<div class=\"elementor-element elementor-element-4c887a9 elementor-widget elementor-widget-html\" data-id=\"4c887a9\" data-element_type=\"widget\" data-widget_type=\"html.default\">\n\t\t\t\t<div class=\"elementor-widget-container\">\n\t\t\t\t\t<script\r\n  src=\"https:\/\/unpkg.com\/@dotlottie\/player-component@2.7.12\/dist\/dotlottie-player.mjs\"\r\n  type=\"module\"\r\n><\/script>\r\n\r\n<dotlottie-player\r\n  src=\"https:\/\/lottie.host\/7b71b15f-24f5-4850-8ff8-75d52ad48206\/sE9R51YByB.lottie\"\r\n  background=\"transparent\"\r\n  speed=\"1\"\r\n  style=\"width: 150px; height: 150px\"\r\n  loop\r\n  autoplay\r\n><\/dotlottie-player>\r\n\t\t\t\t<\/div>\n\t\t\t\t<\/div>\n\t\t\t\t<\/div>\n\t\t<div class=\"elementor-element elementor-element-9dbfce4 e-con-full e-flex e-con e-child\" data-id=\"9dbfce4\" data-element_type=\"container\">\n\t\t\t\t<\/div>\n\t\t\t\t<\/div>\n\t\t<div class=\"elementor-element elementor-element-bf41973 e-flex e-con-boxed e-con e-parent\" data-id=\"bf41973\" data-element_type=\"container\">\n\t\t\t\t\t<div class=\"e-con-inner\">\n\t\t<div class=\"elementor-element elementor-element-78c8a68 e-con-full e-flex e-con e-child\" data-id=\"78c8a68\" data-element_type=\"container\">\n\t\t\t\t<div class=\"elementor-element elementor-element-35bf0f2 elementor-widget elementor-widget-text-editor\" data-id=\"35bf0f2\" data-element_type=\"widget\" data-widget_type=\"text-editor.default\">\n\t\t\t\t<div class=\"elementor-widget-container\">\n\t\t\t\t\t\t\t\t\t<p>Entre JPM et P P C I, c&rsquo;est un partenariat qui dure depuis plus de 15 ans.<\/p><p>En un chiffre cl\u00e9, cette alliance repr\u00e9sente plus de\u00a0<\/p>\t\t\t\t\t\t\t\t<\/div>\n\t\t\t\t<\/div>\n\t\t\t\t<div class=\"elementor-element elementor-element-66dd256 elementor-widget elementor-widget-counter\" data-id=\"66dd256\" data-element_type=\"widget\" data-widget_type=\"counter.default\">\n\t\t\t\t<div class=\"elementor-widget-container\">\n\t\t\t\t\t\t\t<div class=\"elementor-counter\">\n\t\t\t<div class=\"elementor-counter-title\">Bennes vendues<\/div>\t\t\t<div class=\"elementor-counter-number-wrapper\">\n\t\t\t\t<span class=\"elementor-counter-number-prefix\"><\/span>\n\t\t\t\t<span class=\"elementor-counter-number\" data-duration=\"2000\" data-to-value=\"500\" data-from-value=\"0\" data-delimiter=\",\">0<\/span>\n\t\t\t\t<span class=\"elementor-counter-number-suffix\"><\/span>\n\t\t\t<\/div>\n\t\t<\/div>\n\t\t\t\t\t\t<\/div>\n\t\t\t\t<\/div>\n\t\t\t\t<div class=\"elementor-element elementor-element-dfc9718 elementor-widget elementor-widget-text-editor\" data-id=\"dfc9718\" data-element_type=\"widget\" data-widget_type=\"text-editor.default\">\n\t\t\t\t<div class=\"elementor-widget-container\">\n\t\t\t\t\t\t\t\t\t<p>Avec les mots de Pascal Poncet, JPM c&rsquo;est une relation de confiance, un gage de qualit\u00e9 et un SAV assur\u00e9 !<\/p>\t\t\t\t\t\t\t\t<\/div>\n\t\t\t\t<\/div>\n\t\t\t\t<\/div>\n\t\t<div class=\"elementor-element elementor-element-3dcda3f e-con-full e-flex e-con e-child\" data-id=\"3dcda3f\" data-element_type=\"container\">\n\t\t\t\t<div class=\"elementor-element elementor-element-e092108 elementor-widget elementor-widget-text-editor\" data-id=\"e092108\" data-element_type=\"widget\" data-widget_type=\"text-editor.default\">\n\t\t\t\t<div class=\"elementor-widget-container\">\n\t\t\t\t\t\t\t\t\t<p>JPM est constructeur carrossier de bennes et plateaux pour des v\u00e9hicules jusqu&rsquo;\u00e0 7T5 de PTAC. JPM propose 2 gammes de carrosserie:\u00a0<\/p><ul><li>La gamme 55, d\u00e9clin\u00e9e en acier, aluminium mixe et tout aluminium, est destin\u00e9e aux v\u00e9hicules jusqu&rsquo;\u00e0 5T5 de PTAC.<\/li><li>La gamme 75 se monte, quant \u00e0 elle, sur des PTAC au-del\u00e0 de 5T5 et jusqu&rsquo;\u00e0 7T5.<\/li><\/ul><p>Les bennes et plateaux JPM s&rsquo;adaptent au m\u00e9tier de leurs utilisateurs : ma\u00e7ons, paysagistes, entreprises de TP, collectivit\u00e9s, couvreurs, charpentiers, &#8230;<\/p>\t\t\t\t\t\t\t\t<\/div>\n\t\t\t\t<\/div>\n\t\t\t\t<\/div>\n\t\t\t\t\t<\/div>\n\t\t\t\t<\/div>\n\t\t<div class=\"elementor-element elementor-element-d21020b e-flex e-con-boxed e-con e-parent\" data-id=\"d21020b\" data-element_type=\"container\">\n\t\t\t\t\t<div class=\"e-con-inner\">\n\t\t\t\t<div class=\"elementor-element elementor-element-f2c52ba elementor-widget-divider--view-line elementor-widget elementor-widget-divider\" data-id=\"f2c52ba\" data-element_type=\"widget\" data-widget_type=\"divider.default\">\n\t\t\t\t<div class=\"elementor-widget-container\">\n\t\t\t\t\t\t\t<div class=\"elementor-divider\">\n\t\t\t<span class=\"elementor-divider-separator\">\n\t\t\t\t\t\t<\/span>\n\t\t<\/div>\n\t\t\t\t\t\t<\/div>\n\t\t\t\t<\/div>\n\t\t\t\t<div class=\"elementor-element elementor-element-9f70817 elementor-widget-divider--view-line elementor-widget elementor-widget-divider\" data-id=\"9f70817\" data-element_type=\"widget\" data-widget_type=\"divider.default\">\n\t\t\t\t<div class=\"elementor-widget-container\">\n\t\t\t\t\t\t\t<div class=\"elementor-divider\">\n\t\t\t<span class=\"elementor-divider-separator\">\n\t\t\t\t\t\t<\/span>\n\t\t<\/div>\n\t\t\t\t\t\t<\/div>\n\t\t\t\t<\/div>\n\t\t\t\t<div class=\"elementor-element elementor-element-e199b0e elementor-widget elementor-widget-heading\" data-id=\"e199b0e\" data-element_type=\"widget\" data-widget_type=\"heading.default\">\n\t\t\t\t<div class=\"elementor-widget-container\">\n\t\t\t\t\t<h2 class=\"elementor-heading-title elementor-size-default\">Les diff\u00e9rentes gammes propos\u00e9es<\/h2>\t\t\t\t<\/div>\n\t\t\t\t<\/div>\n\t\t\t\t\t<\/div>\n\t\t\t\t<\/div>\n\t\t<div class=\"elementor-element elementor-element-debefed e-flex e-con-boxed e-con e-parent\" data-id=\"debefed\" data-element_type=\"container\">\n\t\t\t\t\t<div class=\"e-con-inner\">\n\t\t<div class=\"elementor-element elementor-element-85f6d37 e-con-full e-flex e-con e-child\" data-id=\"85f6d37\" data-element_type=\"container\">\n\t\t\t\t<div class=\"elementor-element elementor-element-44b404d elementor-position-top elementor-widget elementor-widget-image-box\" data-id=\"44b404d\" data-element_type=\"widget\" data-widget_type=\"image-box.default\">\n\t\t\t\t<div class=\"elementor-widget-container\">\n\t\t\t\t\t<div class=\"elementor-image-box-wrapper\"><figure class=\"elementor-image-box-img\"><a href=\"https:\/\/www.jpm-group.com\/fr\/carrosseries\/benne-arriere-26.html\" target=\"_blank\" tabindex=\"-1\"><img decoding=\"async\" width=\"370\" height=\"270\" src=\"https:\/\/ppci74.fr\/wp-content\/uploads\/2025\/02\/benne_acier_jpm_original_crop_370x270.jpg\" class=\"attachment-full size-full wp-image-108\" alt=\"\" srcset=\"https:\/\/ppci74.fr\/wp-content\/uploads\/2025\/02\/benne_acier_jpm_original_crop_370x270.jpg 370w, https:\/\/ppci74.fr\/wp-content\/uploads\/2025\/02\/benne_acier_jpm_original_crop_370x270-300x219.jpg 300w\" sizes=\"(max-width: 370px) 100vw, 370px\" \/><\/a><\/figure><div class=\"elementor-image-box-content\"><h3 class=\"elementor-image-box-title\"><a href=\"https:\/\/www.jpm-group.com\/fr\/carrosseries\/benne-arriere-26.html\" target=\"_blank\">Benne en Acier<\/a><\/h3><\/div><\/div>\t\t\t\t<\/div>\n\t\t\t\t<\/div>\n\t\t\t\t<\/div>\n\t\t<div class=\"elementor-element elementor-element-b25933d e-con-full e-flex e-con e-child\" data-id=\"b25933d\" data-element_type=\"container\">\n\t\t\t\t<div class=\"elementor-element elementor-element-6bc665c elementor-position-top elementor-widget elementor-widget-image-box\" data-id=\"6bc665c\" data-element_type=\"widget\" data-widget_type=\"image-box.default\">\n\t\t\t\t<div class=\"elementor-widget-container\">\n\t\t\t\t\t<div class=\"elementor-image-box-wrapper\"><figure class=\"elementor-image-box-img\"><a href=\"https:\/\/www.jpm-group.com\/fr\/carrosseries\/benne-arriere-26.html\" target=\"_blank\" tabindex=\"-1\"><img loading=\"lazy\" decoding=\"async\" width=\"370\" height=\"270\" src=\"https:\/\/ppci74.fr\/wp-content\/uploads\/2025\/02\/benne_arriere_aluminium_jpm_crop_370x270.jpg\" class=\"attachment-full size-full wp-image-110\" alt=\"\" srcset=\"https:\/\/ppci74.fr\/wp-content\/uploads\/2025\/02\/benne_arriere_aluminium_jpm_crop_370x270.jpg 370w, https:\/\/ppci74.fr\/wp-content\/uploads\/2025\/02\/benne_arriere_aluminium_jpm_crop_370x270-300x219.jpg 300w\" sizes=\"(max-width: 370px) 100vw, 370px\" \/><\/a><\/figure><div class=\"elementor-image-box-content\"><h3 class=\"elementor-image-box-title\"><a href=\"https:\/\/www.jpm-group.com\/fr\/carrosseries\/benne-arriere-26.html\" target=\"_blank\">Benne en Alluminium<\/a><\/h3><\/div><\/div>\t\t\t\t<\/div>\n\t\t\t\t<\/div>\n\t\t\t\t<\/div>\n\t\t<div class=\"elementor-element elementor-element-1f0ff8e e-con-full e-flex e-con e-child\" data-id=\"1f0ff8e\" data-element_type=\"container\">\n\t\t\t\t<div class=\"elementor-element elementor-element-7d26b1c elementor-position-top elementor-widget elementor-widget-image-box\" data-id=\"7d26b1c\" data-element_type=\"widget\" data-widget_type=\"image-box.default\">\n\t\t\t\t<div class=\"elementor-widget-container\">\n\t\t\t\t\t<div class=\"elementor-image-box-wrapper\"><figure class=\"elementor-image-box-img\"><a href=\"https:\/\/www.jpm-group.com\/fr\/carrosseries\/benne-arriere-26.html\" target=\"_blank\" tabindex=\"-1\"><img loading=\"lazy\" decoding=\"async\" width=\"370\" height=\"270\" src=\"https:\/\/ppci74.fr\/wp-content\/uploads\/2025\/02\/benne_arriere_aluminium_mixte_jpm_crop_370x270.jpg\" class=\"attachment-full size-full wp-image-109\" alt=\"\" srcset=\"https:\/\/ppci74.fr\/wp-content\/uploads\/2025\/02\/benne_arriere_aluminium_mixte_jpm_crop_370x270.jpg 370w, https:\/\/ppci74.fr\/wp-content\/uploads\/2025\/02\/benne_arriere_aluminium_mixte_jpm_crop_370x270-300x219.jpg 300w\" sizes=\"(max-width: 370px) 100vw, 370px\" \/><\/a><\/figure><div class=\"elementor-image-box-content\"><h3 class=\"elementor-image-box-title\"><a href=\"https:\/\/www.jpm-group.com\/fr\/carrosseries\/benne-arriere-26.html\" target=\"_blank\">Benne en Alluminium Mixte<\/a><\/h3><\/div><\/div>\t\t\t\t<\/div>\n\t\t\t\t<\/div>\n\t\t\t\t<\/div>\n\t\t\t\t\t<\/div>\n\t\t\t\t<\/div>\n\t\t<div class=\"elementor-element elementor-element-b921780 e-flex e-con-boxed e-con e-parent\" data-id=\"b921780\" data-element_type=\"container\">\n\t\t\t\t\t<div class=\"e-con-inner\">\n\t\t\t\t<div class=\"elementor-element elementor-element-ec7a314 elementor-widget-divider--view-line elementor-widget elementor-widget-divider\" data-id=\"ec7a314\" data-element_type=\"widget\" data-widget_type=\"divider.default\">\n\t\t\t\t<div class=\"elementor-widget-container\">\n\t\t\t\t\t\t\t<div class=\"elementor-divider\">\n\t\t\t<span class=\"elementor-divider-separator\">\n\t\t\t\t\t\t<\/span>\n\t\t<\/div>\n\t\t\t\t\t\t<\/div>\n\t\t\t\t<\/div>\n\t\t\t\t<div class=\"elementor-element elementor-element-1f7d109 elementor-widget-divider--view-line elementor-widget elementor-widget-divider\" data-id=\"1f7d109\" data-element_type=\"widget\" data-widget_type=\"divider.default\">\n\t\t\t\t<div class=\"elementor-widget-container\">\n\t\t\t\t\t\t\t<div class=\"elementor-divider\">\n\t\t\t<span class=\"elementor-divider-separator\">\n\t\t\t\t\t\t<\/span>\n\t\t<\/div>\n\t\t\t\t\t\t<\/div>\n\t\t\t\t<\/div>\n\t\t\t\t<div class=\"elementor-element elementor-element-5235a54 elementor-widget elementor-widget-heading\" data-id=\"5235a54\" data-element_type=\"widget\" data-widget_type=\"heading.default\">\n\t\t\t\t<div class=\"elementor-widget-container\">\n\t\t\t\t\t<h2 class=\"elementor-heading-title elementor-size-default\">Contactez-nous !<\/h2>\t\t\t\t<\/div>\n\t\t\t\t<\/div>\n\t\t\t\t<div class=\"elementor-element elementor-element-a59caac elementor-align-center elementor-widget elementor-widget-button\" data-id=\"a59caac\" data-element_type=\"widget\" data-widget_type=\"button.default\">\n\t\t\t\t<div class=\"elementor-widget-container\">\n\t\t\t\t\t\t\t\t\t<div class=\"elementor-button-wrapper\">\n\t\t\t\t\t<a class=\"elementor-button elementor-button-link elementor-size-sm\" href=\"https:\/\/ppci74.fr\/index.php\/contact-2\/\" target=\"_blank\">\n\t\t\t\t\t\t<span class=\"elementor-button-content-wrapper\">\n\t\t\t\t\t\t\t\t\t<span class=\"elementor-button-text\">Cliquez ici<\/span>\n\t\t\t\t\t<\/span>\n\t\t\t\t\t<\/a>\n\t\t\t\t<\/div>\n\t\t\t\t\t\t\t\t<\/div>\n\t\t\t\t<\/div>\n\t\t\t\t\t<\/div>\n\t\t\t\t<\/div>\n\t\t\t\t<\/div>\n\t\t","protected":false},"excerpt":{"rendered":"<p>P P C I, votre r\u00e9f\u00e9rent bennes JPM en Savoie et Haute-Savoie Zoom sur cette coop\u00e9ration Entre JPM et P P C I, c&rsquo;est un partenariat qui dure depuis plus de 15 ans. En un chiffre cl\u00e9, cette alliance repr\u00e9sente plus de\u00a0 Bennes vendues 0 Avec les mots de Pascal Poncet, JPM c&rsquo;est une relation [&hellip;]<\/p>\n","protected":false},"author":1,"featured_media":0,"parent":0,"menu_order":0,"comment_status":"closed","ping_status":"closed","template":"","meta":{"saved_in_kubio":false,"footnotes":""},"class_list":["post-97","page","type-page","status-publish","hentry"],"kubio_ai_page_context":{"short_desc":"","purpose":"general"},"_links":{"self":[{"href":"https:\/\/ppci74.fr\/index.php\/wp-json\/wp\/v2\/pages\/97","targetHints":{"allow":["GET"]}}],"collection":[{"href":"https:\/\/ppci74.fr\/index.php\/wp-json\/wp\/v2\/pages"}],"about":[{"href":"https:\/\/ppci74.fr\/index.php\/wp-json\/wp\/v2\/types\/page"}],"author":[{"embeddable":true,"href":"https:\/\/ppci74.fr\/index.php\/wp-json\/wp\/v2\/users\/1"}],"replies":[{"embeddable":true,"href":"https:\/\/ppci74.fr\/index.php\/wp-json\/wp\/v2\/comments?post=97"}],"version-history":[{"count":25,"href":"https:\/\/ppci74.fr\/index.php\/wp-json\/wp\/v2\/pages\/97\/revisions"}],"predecessor-version":[{"id":316,"href":"https:\/\/ppci74.fr\/index.php\/wp-json\/wp\/v2\/pages\/97\/revisions\/316"}],"wp:attachment":[{"href":"https:\/\/ppci74.fr\/index.php\/wp-json\/wp\/v2\/media?parent=97"}],"curies":[{"name":"wp","href":"https:\/\/api.w.org\/{rel}","templated":true}]}}