{"id":8,"date":"2025-02-09T17:13:31","date_gmt":"2025-02-09T16:13:31","guid":{"rendered":"https:\/\/ppci74.fr\/?page_id=8"},"modified":"2025-02-10T09:24:55","modified_gmt":"2025-02-10T08:24:55","slug":"lentreprise","status":"publish","type":"page","link":"https:\/\/ppci74.fr\/index.php\/lentreprise\/","title":{"rendered":"L&rsquo;entreprise"},"content":{"rendered":"\t\t<div data-elementor-type=\"wp-page\" data-elementor-id=\"8\" class=\"elementor elementor-8\">\n\t\t\t\t<div class=\"elementor-element elementor-element-c9d890a e-flex e-con-boxed e-con e-parent\" data-id=\"c9d890a\" data-element_type=\"container\">\n\t\t\t\t\t<div class=\"e-con-inner\">\n\t\t\t\t<div class=\"elementor-element elementor-element-4efb01f elementor-widget elementor-widget-heading\" data-id=\"4efb01f\" data-element_type=\"widget\" data-widget_type=\"heading.default\">\n\t\t\t\t<div class=\"elementor-widget-container\">\n\t\t\t\t\t<h2 class=\"elementor-heading-title elementor-size-default\">L'entreprise<\/h2>\t\t\t\t<\/div>\n\t\t\t\t<\/div>\n\t\t\t\t\t<\/div>\n\t\t\t\t<\/div>\n\t\t<div class=\"elementor-element elementor-element-4e56e6c e-flex e-con-boxed e-con e-parent\" data-id=\"4e56e6c\" data-element_type=\"container\">\n\t\t\t\t\t<div class=\"e-con-inner\">\n\t\t\t\t<div class=\"elementor-element elementor-element-e5e5af8 elementor-arrows-position-inside elementor-pagination-position-outside elementor-widget elementor-widget-image-carousel\" data-id=\"e5e5af8\" data-element_type=\"widget\" data-settings=\"{&quot;slides_to_show&quot;:&quot;1&quot;,&quot;navigation&quot;:&quot;both&quot;,&quot;autoplay&quot;:&quot;yes&quot;,&quot;pause_on_hover&quot;:&quot;yes&quot;,&quot;pause_on_interaction&quot;:&quot;yes&quot;,&quot;autoplay_speed&quot;:5000,&quot;infinite&quot;:&quot;yes&quot;,&quot;effect&quot;:&quot;slide&quot;,&quot;speed&quot;:500}\" data-widget_type=\"image-carousel.default\">\n\t\t\t\t<div class=\"elementor-widget-container\">\n\t\t\t\t\t\t\t<div class=\"elementor-image-carousel-wrapper swiper\" role=\"region\" aria-roledescription=\"carousel\" aria-label=\"Carrousel d\u2019images\" dir=\"ltr\">\n\t\t\t<div class=\"elementor-image-carousel swiper-wrapper\" aria-live=\"off\">\n\t\t\t\t\t\t\t\t<div class=\"swiper-slide\" role=\"group\" aria-roledescription=\"slide\" aria-label=\"1 sur 3\"><figure class=\"swiper-slide-inner\"><img decoding=\"async\" class=\"swiper-slide-image\" src=\"https:\/\/ppci74.fr\/wp-content\/uploads\/2025\/02\/20210616_143152-RETOUCH.jpg\" alt=\"20210616_143152 RETOUCH\" \/><\/figure><\/div><div class=\"swiper-slide\" role=\"group\" aria-roledescription=\"slide\" aria-label=\"2 sur 3\"><figure class=\"swiper-slide-inner\"><img decoding=\"async\" class=\"swiper-slide-image\" src=\"https:\/\/ppci74.fr\/wp-content\/uploads\/2025\/02\/facebook_1739025480136_7294001527438115691.jpg\" alt=\"facebook_1739025480136_7294001527438115691\" \/><\/figure><\/div><div class=\"swiper-slide\" role=\"group\" aria-roledescription=\"slide\" aria-label=\"3 sur 3\"><figure class=\"swiper-slide-inner\"><img decoding=\"async\" class=\"swiper-slide-image\" src=\"https:\/\/ppci74.fr\/wp-content\/uploads\/2025\/02\/facebook_1739025560113_7294001862885963187.jpg\" alt=\"facebook_1739025560113_7294001862885963187\" \/><\/figure><\/div>\t\t\t<\/div>\n\t\t\t\t\t\t\t\t\t\t\t\t<div class=\"elementor-swiper-button elementor-swiper-button-prev\" role=\"button\" tabindex=\"0\">\n\t\t\t\t\t\t<svg aria-hidden=\"true\" class=\"e-font-icon-svg e-eicon-chevron-left\" viewBox=\"0 0 1000 1000\" xmlns=\"http:\/\/www.w3.org\/2000\/svg\"><path d=\"M646 125C629 125 613 133 604 142L308 442C296 454 292 471 292 487 292 504 296 521 308 533L604 854C617 867 629 875 646 875 663 875 679 871 692 858 704 846 713 829 713 812 713 796 708 779 692 767L438 487 692 225C700 217 708 204 708 187 708 171 704 154 692 142 675 129 663 125 646 125Z\"><\/path><\/svg>\t\t\t\t\t<\/div>\n\t\t\t\t\t<div class=\"elementor-swiper-button elementor-swiper-button-next\" role=\"button\" tabindex=\"0\">\n\t\t\t\t\t\t<svg aria-hidden=\"true\" class=\"e-font-icon-svg e-eicon-chevron-right\" viewBox=\"0 0 1000 1000\" xmlns=\"http:\/\/www.w3.org\/2000\/svg\"><path d=\"M696 533C708 521 713 504 713 487 713 471 708 454 696 446L400 146C388 133 375 125 354 125 338 125 325 129 313 142 300 154 292 171 292 187 292 204 296 221 308 233L563 492 304 771C292 783 288 800 288 817 288 833 296 850 308 863 321 871 338 875 354 875 371 875 388 867 400 854L696 533Z\"><\/path><\/svg>\t\t\t\t\t<\/div>\n\t\t\t\t\n\t\t\t\t\t\t\t\t\t<div class=\"swiper-pagination\"><\/div>\n\t\t\t\t\t\t\t\t\t<\/div>\n\t\t\t\t\t\t<\/div>\n\t\t\t\t<\/div>\n\t\t\t\t\t<\/div>\n\t\t\t\t<\/div>\n\t\t<div class=\"elementor-element elementor-element-9a837d7 e-flex e-con-boxed e-con e-parent\" data-id=\"9a837d7\" data-element_type=\"container\">\n\t\t\t\t\t<div class=\"e-con-inner\">\n\t\t<div class=\"elementor-element elementor-element-6781c02 e-con-full e-flex e-con e-child\" data-id=\"6781c02\" data-element_type=\"container\">\n\t\t\t\t<div class=\"elementor-element elementor-element-3599c1f elementor-widget elementor-widget-image\" data-id=\"3599c1f\" data-element_type=\"widget\" data-widget_type=\"image.default\">\n\t\t\t\t<div class=\"elementor-widget-container\">\n\t\t\t\t\t\t\t\t\t\t\t\t\t\t\t<img decoding=\"async\" width=\"150\" height=\"150\" src=\"https:\/\/ppci74.fr\/wp-content\/uploads\/2025\/02\/1.png\" class=\"attachment-large size-large wp-image-13\" alt=\"\" \/>\t\t\t\t\t\t\t\t\t\t\t\t\t\t\t<\/div>\n\t\t\t\t<\/div>\n\t\t\t\t<\/div>\n\t\t<div class=\"elementor-element elementor-element-d4631c5 e-con-full e-flex e-con e-child\" data-id=\"d4631c5\" data-element_type=\"container\">\n\t\t\t\t<div class=\"elementor-element elementor-element-15f829f elementor-widget elementor-widget-image\" data-id=\"15f829f\" data-element_type=\"widget\" data-widget_type=\"image.default\">\n\t\t\t\t<div class=\"elementor-widget-container\">\n\t\t\t\t\t\t\t\t\t\t\t\t\t\t\t<img decoding=\"async\" width=\"150\" height=\"150\" src=\"https:\/\/ppci74.fr\/wp-content\/uploads\/2025\/02\/2.png\" class=\"attachment-large size-large wp-image-14\" alt=\"\" \/>\t\t\t\t\t\t\t\t\t\t\t\t\t\t\t<\/div>\n\t\t\t\t<\/div>\n\t\t\t\t<\/div>\n\t\t<div class=\"elementor-element elementor-element-17c2c54 e-con-full e-flex e-con e-child\" data-id=\"17c2c54\" data-element_type=\"container\">\n\t\t\t\t<div class=\"elementor-element elementor-element-e27b875 elementor-widget elementor-widget-image\" data-id=\"e27b875\" data-element_type=\"widget\" data-widget_type=\"image.default\">\n\t\t\t\t<div class=\"elementor-widget-container\">\n\t\t\t\t\t\t\t\t\t\t\t\t\t\t\t<img decoding=\"async\" width=\"150\" height=\"150\" src=\"https:\/\/ppci74.fr\/wp-content\/uploads\/2025\/02\/3.png\" class=\"attachment-large size-large wp-image-15\" alt=\"\" \/>\t\t\t\t\t\t\t\t\t\t\t\t\t\t\t<\/div>\n\t\t\t\t<\/div>\n\t\t\t\t<\/div>\n\t\t<div class=\"elementor-element elementor-element-b4b60ce e-con-full e-flex e-con e-child\" data-id=\"b4b60ce\" data-element_type=\"container\">\n\t\t\t\t<div class=\"elementor-element elementor-element-cbde1be elementor-widget elementor-widget-image\" data-id=\"cbde1be\" data-element_type=\"widget\" data-widget_type=\"image.default\">\n\t\t\t\t<div class=\"elementor-widget-container\">\n\t\t\t\t\t\t\t\t\t\t\t\t\t\t\t<img loading=\"lazy\" decoding=\"async\" width=\"150\" height=\"150\" src=\"https:\/\/ppci74.fr\/wp-content\/uploads\/2025\/02\/4.png\" class=\"attachment-large size-large wp-image-16\" alt=\"\" \/>\t\t\t\t\t\t\t\t\t\t\t\t\t\t\t<\/div>\n\t\t\t\t<\/div>\n\t\t\t\t<\/div>\n\t\t\t\t\t<\/div>\n\t\t\t\t<\/div>\n\t\t<div class=\"elementor-element elementor-element-7fd6d01 e-flex e-con-boxed e-con e-parent\" data-id=\"7fd6d01\" data-element_type=\"container\">\n\t\t\t\t\t<div class=\"e-con-inner\">\n\t\t\t\t<div class=\"elementor-element elementor-element-51cf30c elementor-widget elementor-widget-text-editor\" data-id=\"51cf30c\" data-element_type=\"widget\" data-widget_type=\"text-editor.default\">\n\t\t\t\t<div class=\"elementor-widget-container\">\n\t\t\t\t\t\t\t\t\t<p>Cr\u00e9\u00e9e en Janvier 2010 et sp\u00e9cialis\u00e9e dans le domaine de la carrosserie industrielle, l\u2019entreprise <strong>P P C I\u00a0<\/strong>se situe \u00e0\u00a0La Balme de Sillingy\u00a0dans le d\u00e9partement de la\u00a0Haute-Savoie (74).<\/p><p>Son fondateur, Pascal Poncet, passionn\u00e9 par le domaine de la carrosserie, a d\u00e9cid\u00e9 en 2010, de se mettre \u00e0 son compte afin de vivre de sa passion.<\/p><p>Compos\u00e9e d\u2019une \u00e9quipe professionnelle de 5 personnes, nous sommes \u00e0 votre \u00e9coute et \u00e0 votre service pour toutes vos demandes.<\/p><p>Nous vous rappelons que nous vous accueillons du Lundi au Vendredi.\u00a0<\/p>\t\t\t\t\t\t\t\t<\/div>\n\t\t\t\t<\/div>\n\t\t\t\t<div class=\"elementor-element elementor-element-f6a127c elementor-widget elementor-widget-text-editor\" data-id=\"f6a127c\" data-element_type=\"widget\" data-widget_type=\"text-editor.default\">\n\t\t\t\t<div class=\"elementor-widget-container\">\n\t\t\t\t\t\t\t\t\t<p style=\"text-align: center;\"><strong>P P C I, c&rsquo;est \u00e0 ce jour plus de<\/strong><\/p>\t\t\t\t\t\t\t\t<\/div>\n\t\t\t\t<\/div>\n\t\t\t\t\t<\/div>\n\t\t\t\t<\/div>\n\t\t<div class=\"elementor-element elementor-element-79f226d e-grid e-con-boxed e-con e-parent\" data-id=\"79f226d\" data-element_type=\"container\">\n\t\t\t\t\t<div class=\"e-con-inner\">\n\t\t\t\t<div class=\"elementor-element elementor-element-7e242c5 elementor-widget elementor-widget-counter\" data-id=\"7e242c5\" data-element_type=\"widget\" data-widget_type=\"counter.default\">\n\t\t\t\t<div class=\"elementor-widget-container\">\n\t\t\t\t\t\t\t<div class=\"elementor-counter\">\n\t\t\t<div class=\"elementor-counter-title\">Projets de v\u00e9hicules neufs r\u00e9alis\u00e9s<\/div>\t\t\t<div class=\"elementor-counter-number-wrapper\">\n\t\t\t\t<span class=\"elementor-counter-number-prefix\"><\/span>\n\t\t\t\t<span class=\"elementor-counter-number\" data-duration=\"2000\" data-to-value=\"315\" data-from-value=\"0\" data-delimiter=\",\">0<\/span>\n\t\t\t\t<span class=\"elementor-counter-number-suffix\"><\/span>\n\t\t\t<\/div>\n\t\t<\/div>\n\t\t\t\t\t\t<\/div>\n\t\t\t\t<\/div>\n\t\t\t\t<div class=\"elementor-element elementor-element-e53928b elementor-widget elementor-widget-counter\" data-id=\"e53928b\" data-element_type=\"widget\" data-widget_type=\"counter.default\">\n\t\t\t\t<div class=\"elementor-widget-container\">\n\t\t\t\t\t\t\t<div class=\"elementor-counter\">\n\t\t\t<div class=\"elementor-counter-title\">De clients staisfaits<\/div>\t\t\t<div class=\"elementor-counter-number-wrapper\">\n\t\t\t\t<span class=\"elementor-counter-number-prefix\"><\/span>\n\t\t\t\t<span class=\"elementor-counter-number\" data-duration=\"2000\" data-to-value=\"85\" data-from-value=\"0\" data-delimiter=\",\">0<\/span>\n\t\t\t\t<span class=\"elementor-counter-number-suffix\">%<\/span>\n\t\t\t<\/div>\n\t\t<\/div>\n\t\t\t\t\t\t<\/div>\n\t\t\t\t<\/div>\n\t\t\t\t<div class=\"elementor-element elementor-element-94b4c9f elementor-widget elementor-widget-counter\" data-id=\"94b4c9f\" data-element_type=\"widget\" data-widget_type=\"counter.default\">\n\t\t\t\t<div class=\"elementor-widget-container\">\n\t\t\t\t\t\t\t<div class=\"elementor-counter\">\n\t\t\t<div class=\"elementor-counter-title\">Fournisseurs rigoureusement s\u00e9lectionn\u00e9s<\/div>\t\t\t<div class=\"elementor-counter-number-wrapper\">\n\t\t\t\t<span class=\"elementor-counter-number-prefix\"><\/span>\n\t\t\t\t<span class=\"elementor-counter-number\" data-duration=\"2000\" data-to-value=\"20\" data-from-value=\"0\" data-delimiter=\",\">0<\/span>\n\t\t\t\t<span class=\"elementor-counter-number-suffix\"><\/span>\n\t\t\t<\/div>\n\t\t<\/div>\n\t\t\t\t\t\t<\/div>\n\t\t\t\t<\/div>\n\t\t\t\t\t<\/div>\n\t\t\t\t<\/div>\n\t\t<div class=\"elementor-element elementor-element-e58f3bf e-flex e-con-boxed e-con e-parent\" data-id=\"e58f3bf\" data-element_type=\"container\">\n\t\t\t\t\t<div class=\"e-con-inner\">\n\t\t<div class=\"elementor-element elementor-element-e69daf2 e-con-full e-flex e-con e-child\" data-id=\"e69daf2\" data-element_type=\"container\">\n\t\t\t\t<div class=\"elementor-element elementor-element-0f24374 elementor-widget elementor-widget-text-editor\" data-id=\"0f24374\" data-element_type=\"widget\" data-widget_type=\"text-editor.default\">\n\t\t\t\t<div class=\"elementor-widget-container\">\n\t\t\t\t\t\t\t\t\t<p>D\u00e9couvrez et comprenez mieux l&rsquo;histoire de votre carrosserie PPCI gr\u00e2ce \u00e0 ce storytelling !<\/p><p>Quelques mots qui r\u00e9sument la carrosserie :<\/p><ul><li>Savoir-faire<\/li><li>Professionnel<\/li><li>Qualit\u00e9<\/li><li>Polyvalent<\/li><li>Efficacit\u00e9<\/li><li>Familial<\/li><\/ul>\t\t\t\t\t\t\t\t<\/div>\n\t\t\t\t<\/div>\n\t\t\t\t<\/div>\n\t\t<div class=\"elementor-element elementor-element-f35847e e-con-full e-flex e-con e-child\" data-id=\"f35847e\" data-element_type=\"container\">\n\t\t\t\t<div class=\"elementor-element elementor-element-7790d49 elementor-widget elementor-widget-video\" data-id=\"7790d49\" data-element_type=\"widget\" data-settings=\"{&quot;video_type&quot;:&quot;hosted&quot;,&quot;controls&quot;:&quot;yes&quot;}\" data-widget_type=\"video.default\">\n\t\t\t\t<div class=\"elementor-widget-container\">\n\t\t\t\t\t\t\t<div class=\"e-hosted-video elementor-wrapper elementor-open-inline\">\n\t\t\t\t\t<video class=\"elementor-video\" src=\"http:\/\/ppci74.fr\/wp-content\/uploads\/2025\/02\/VIDEO-DESSIN-PPCI-18.03.mp4\" controls=\"\" preload=\"metadata\" controlsList=\"nodownload\"><\/video>\n\t\t\t\t<\/div>\n\t\t\t\t\t\t<\/div>\n\t\t\t\t<\/div>\n\t\t\t\t<\/div>\n\t\t\t\t\t<\/div>\n\t\t\t\t<\/div>\n\t\t<div class=\"elementor-element elementor-element-c3e5df7 e-flex e-con-boxed e-con e-parent\" data-id=\"c3e5df7\" data-element_type=\"container\">\n\t\t\t\t\t<div class=\"e-con-inner\">\n\t\t\t\t<div class=\"elementor-element elementor-element-9711595 elementor-widget elementor-widget-text-editor\" data-id=\"9711595\" data-element_type=\"widget\" data-widget_type=\"text-editor.default\">\n\t\t\t\t<div class=\"elementor-widget-container\">\n\t\t\t\t\t\t\t\t\t<p>Votre carrosserie P P C I est \u00e9galement certifi\u00e9e par l&rsquo;UTAC en tant qu&rsquo;op\u00e9rateur qualifi\u00e9.<\/p>\t\t\t\t\t\t\t\t<\/div>\n\t\t\t\t<\/div>\n\t\t\t\t<div class=\"elementor-element elementor-element-2151b27 elementor-widget elementor-widget-image\" data-id=\"2151b27\" data-element_type=\"widget\" data-widget_type=\"image.default\">\n\t\t\t\t<div class=\"elementor-widget-container\">\n\t\t\t\t\t\t\t\t\t\t\t\t\t\t\t<img loading=\"lazy\" decoding=\"async\" width=\"300\" height=\"94\" src=\"https:\/\/ppci74.fr\/wp-content\/uploads\/2025\/02\/logo-utac-otc-groupe-site-web-300x94.png\" class=\"attachment-medium size-medium wp-image-234\" alt=\"\" srcset=\"https:\/\/ppci74.fr\/wp-content\/uploads\/2025\/02\/logo-utac-otc-groupe-site-web-300x94.png 300w, https:\/\/ppci74.fr\/wp-content\/uploads\/2025\/02\/logo-utac-otc-groupe-site-web-1024x320.png 1024w, https:\/\/ppci74.fr\/wp-content\/uploads\/2025\/02\/logo-utac-otc-groupe-site-web-768x240.png 768w, https:\/\/ppci74.fr\/wp-content\/uploads\/2025\/02\/logo-utac-otc-groupe-site-web-1536x480.png 1536w, https:\/\/ppci74.fr\/wp-content\/uploads\/2025\/02\/logo-utac-otc-groupe-site-web-1920x600.png 1920w, https:\/\/ppci74.fr\/wp-content\/uploads\/2025\/02\/logo-utac-otc-groupe-site-web.png 1944w\" sizes=\"(max-width: 300px) 100vw, 300px\" \/>\t\t\t\t\t\t\t\t\t\t\t\t\t\t\t<\/div>\n\t\t\t\t<\/div>\n\t\t\t\t<div class=\"elementor-element elementor-element-e3e22b4 elementor-align-center elementor-widget elementor-widget-button\" data-id=\"e3e22b4\" data-element_type=\"widget\" data-widget_type=\"button.default\">\n\t\t\t\t<div class=\"elementor-widget-container\">\n\t\t\t\t\t\t\t\t\t<div class=\"elementor-button-wrapper\">\n\t\t\t\t\t<a class=\"elementor-button elementor-button-link elementor-size-sm\" href=\"http:\/\/ppci74.fr\/wp-content\/uploads\/2025\/02\/CERTIFICATIONS-UTAC.pdf\" target=\"_blank\">\n\t\t\t\t\t\t<span class=\"elementor-button-content-wrapper\">\n\t\t\t\t\t\t\t\t\t<span class=\"elementor-button-text\">Cliquez ici<\/span>\n\t\t\t\t\t<\/span>\n\t\t\t\t\t<\/a>\n\t\t\t\t<\/div>\n\t\t\t\t\t\t\t\t<\/div>\n\t\t\t\t<\/div>\n\t\t\t\t\t<\/div>\n\t\t\t\t<\/div>\n\t\t\t\t<\/div>\n\t\t","protected":false},"excerpt":{"rendered":"<p>L&rsquo;entreprise Cr\u00e9\u00e9e en Janvier 2010 et sp\u00e9cialis\u00e9e dans le domaine de la carrosserie industrielle, l\u2019entreprise P P C I\u00a0se situe \u00e0\u00a0La Balme de Sillingy\u00a0dans le d\u00e9partement de la\u00a0Haute-Savoie (74). Son fondateur, Pascal Poncet, passionn\u00e9 par le domaine de la carrosserie, a d\u00e9cid\u00e9 en 2010, de se mettre \u00e0 son compte afin de vivre de sa [&hellip;]<\/p>\n","protected":false},"author":1,"featured_media":0,"parent":0,"menu_order":0,"comment_status":"closed","ping_status":"closed","template":"","meta":{"saved_in_kubio":false,"footnotes":""},"class_list":["post-8","page","type-page","status-publish","hentry"],"kubio_ai_page_context":{"short_desc":"","purpose":"general"},"_links":{"self":[{"href":"https:\/\/ppci74.fr\/index.php\/wp-json\/wp\/v2\/pages\/8","targetHints":{"allow":["GET"]}}],"collection":[{"href":"https:\/\/ppci74.fr\/index.php\/wp-json\/wp\/v2\/pages"}],"about":[{"href":"https:\/\/ppci74.fr\/index.php\/wp-json\/wp\/v2\/types\/page"}],"author":[{"embeddable":true,"href":"https:\/\/ppci74.fr\/index.php\/wp-json\/wp\/v2\/users\/1"}],"replies":[{"embeddable":true,"href":"https:\/\/ppci74.fr\/index.php\/wp-json\/wp\/v2\/comments?post=8"}],"version-history":[{"count":8,"href":"https:\/\/ppci74.fr\/index.php\/wp-json\/wp\/v2\/pages\/8\/revisions"}],"predecessor-version":[{"id":241,"href":"https:\/\/ppci74.fr\/index.php\/wp-json\/wp\/v2\/pages\/8\/revisions\/241"}],"wp:attachment":[{"href":"https:\/\/ppci74.fr\/index.php\/wp-json\/wp\/v2\/media?parent=8"}],"curies":[{"name":"wp","href":"https:\/\/api.w.org\/{rel}","templated":true}]}}