{"id":32,"date":"2025-02-09T17:13:52","date_gmt":"2025-02-09T16:13:52","guid":{"rendered":"https:\/\/ppci74.fr\/?page_id=32"},"modified":"2026-03-05T14:58:33","modified_gmt":"2026-03-05T13:58:33","slug":"nos-services","status":"publish","type":"page","link":"https:\/\/ppci74.fr\/index.php\/nos-services\/","title":{"rendered":"Nos services"},"content":{"rendered":"\t\t<div data-elementor-type=\"wp-page\" data-elementor-id=\"32\" class=\"elementor elementor-32\">\n\t\t\t\t<div class=\"elementor-element elementor-element-d7121c8 e-flex e-con-boxed e-con e-parent\" data-id=\"d7121c8\" data-element_type=\"container\">\n\t\t\t\t\t<div class=\"e-con-inner\">\n\t\t\t\t<div class=\"elementor-element elementor-element-d0364ab elementor-widget elementor-widget-heading\" data-id=\"d0364ab\" data-element_type=\"widget\" data-widget_type=\"heading.default\">\n\t\t\t\t<div class=\"elementor-widget-container\">\n\t\t\t\t\t<h2 class=\"elementor-heading-title elementor-size-default\">Nos services<\/h2>\t\t\t\t<\/div>\n\t\t\t\t<\/div>\n\t\t\t\t\t<\/div>\n\t\t\t\t<\/div>\n\t\t<div class=\"elementor-element elementor-element-deac274 e-flex e-con-boxed e-con e-parent\" data-id=\"deac274\" data-element_type=\"container\">\n\t\t\t\t\t<div class=\"e-con-inner\">\n\t\t\t\t<div class=\"elementor-element elementor-element-ae18f3a elementor-widget elementor-widget-text-editor\" data-id=\"ae18f3a\" data-element_type=\"widget\" data-widget_type=\"text-editor.default\">\n\t\t\t\t<div class=\"elementor-widget-container\">\n\t\t\t\t\t\t\t\t\t<p>Chez PPCI, nous concevons des solutions techniques adapt\u00e9es&nbsp; aux contraintes de votre m\u00e9tier.<\/p>\n<p>Chaque projet est \u00e9tudi\u00e9 pour optimiser votre efficacit\u00e9, votre s\u00e9curit\u00e9 et la durabilit\u00e9 de votre v\u00e9hicules professionnel.<\/p><p>Nous r\u00e9alisons l&rsquo;am\u00e9nagement et l&rsquo;adaptation de v\u00e9hicules l\u00e9gers et poids lourds pour r\u00e9pondre aux exigences de chacun.<\/p>\n<p>Sp\u00e9cialis\u00e9 dans la fabrication de superstructures sur des 3T5 et sur poids lourds, nous vous proposons une large gamme de prestations.<\/p>\t\t\t\t\t\t\t\t<\/div>\n\t\t\t\t<\/div>\n\t\t\t\t\t<\/div>\n\t\t\t\t<\/div>\n\t\t<div class=\"elementor-element elementor-element-ec0145f e-con-full e-flex e-con e-parent\" data-id=\"ec0145f\" data-element_type=\"container\">\n\t\t<div class=\"elementor-element elementor-element-b40c0b4 e-con-full e-flex e-con e-child\" data-id=\"b40c0b4\" data-element_type=\"container\">\n\t\t\t\t<div class=\"elementor-element elementor-element-e31d27b elementor-widget elementor-widget-image\" data-id=\"e31d27b\" data-element_type=\"widget\" data-widget_type=\"image.default\">\n\t\t\t\t<div class=\"elementor-widget-container\">\n\t\t\t\t\t\t\t\t\t\t\t\t\t\t\t<img decoding=\"async\" src=\"https:\/\/ppci74.fr\/wp-content\/plugins\/elementor\/assets\/images\/placeholder.png\" title=\"\" alt=\"\" loading=\"lazy\" \/>\t\t\t\t\t\t\t\t\t\t\t\t\t\t\t<\/div>\n\t\t\t\t<\/div>\n\t\t\t\t<\/div>\n\t\t<div class=\"elementor-element elementor-element-abd7284 e-con-full e-flex e-con e-child\" data-id=\"abd7284\" data-element_type=\"container\">\n\t\t<div class=\"elementor-element elementor-element-72ba78f e-con-full e-flex e-con e-child\" data-id=\"72ba78f\" data-element_type=\"container\">\n\t\t\t\t<div class=\"elementor-element elementor-element-604ed8f elementor-widget elementor-widget-heading\" data-id=\"604ed8f\" data-element_type=\"widget\" data-widget_type=\"heading.default\">\n\t\t\t\t<div class=\"elementor-widget-container\">\n\t\t\t\t\t<h3 class=\"elementor-heading-title elementor-size-default\">\ud83d\udd27Transformation de v\u00e9hicules<\/h3>\t\t\t\t<\/div>\n\t\t\t\t<\/div>\n\t\t\t\t<\/div>\n\t\t<div class=\"elementor-element elementor-element-da11dd2 e-con-full e-flex e-con e-child\" data-id=\"da11dd2\" data-element_type=\"container\">\n\t\t\t\t<div class=\"elementor-element elementor-element-4798b70 elementor-widget elementor-widget-text-editor\" data-id=\"4798b70\" data-element_type=\"widget\" data-widget_type=\"text-editor.default\">\n\t\t\t\t<div class=\"elementor-widget-container\">\n\t\t\t\t\t\t\t\t\t<p><span style=\"color: rgb(122, 122, 122); font-family: Roboto, sans-serif;\"><img decoding=\"async\" draggable=\"false\" role=\"img\" class=\"emoji\" alt=\"\u2714\" src=\"https:\/\/s.w.org\/images\/core\/emoji\/17.0.2\/svg\/2714.svg\">&nbsp;<\/span>Bennes fixes et basculantes<\/p>\n<p><i>Adapt\u00e9es aux m\u00e9tiers du BTP, des travaux publics et des espaces verts<\/i>.&nbsp;<\/p>\n<p><span style=\"color: rgb(122, 122, 122); font-family: Roboto, sans-serif;\"><img decoding=\"async\" draggable=\"false\" role=\"img\" class=\"emoji\" alt=\"\u2714\" src=\"https:\/\/s.w.org\/images\/core\/emoji\/17.0.2\/svg\/2714.svg\">&nbsp;<\/span>Plateau standars ou sp\u00e9cifiques<\/p>\n<p><i>Con\u00e7us pour faciliter le transport de mat\u00e9riel et d&rsquo;\u00e9quipements volumineux<\/i>.<\/p>\n<p><span style=\"color: rgb(122, 122, 122); font-family: Roboto, sans-serif;\"><img decoding=\"async\" draggable=\"false\" role=\"img\" class=\"emoji\" alt=\"\u2714\" src=\"https:\/\/s.w.org\/images\/core\/emoji\/17.0.2\/svg\/2714.svg\">&nbsp;<\/span>Installation de hayons \u00e9l\u00e9vateurs.<\/p>\n<p>Pour simplifier vos op\u00e9rations de chargement et de d<i>\u00e9chargement en toute s\u00e9curit\u00e9<\/i>.&nbsp;<\/p>\t\t\t\t\t\t\t\t<\/div>\n\t\t\t\t<\/div>\n\t\t\t\t<\/div>\n\t\t\t\t<\/div>\n\t\t\t\t<\/div>\n\t\t<div class=\"elementor-element elementor-element-d595414 e-flex e-con-boxed e-con e-parent\" data-id=\"d595414\" data-element_type=\"container\">\n\t\t\t\t\t<div class=\"e-con-inner\">\n\t\t<div class=\"elementor-element elementor-element-b7bc319 e-con-full e-flex e-con e-child\" data-id=\"b7bc319\" data-element_type=\"container\">\n\t\t\t\t<div class=\"elementor-element elementor-element-b8da5ef elementor-widget elementor-widget-text-editor\" data-id=\"b8da5ef\" data-element_type=\"widget\" data-widget_type=\"text-editor.default\">\n\t\t\t\t<div class=\"elementor-widget-container\">\n\t\t\t\t\t\t\t\t\t<p><img decoding=\"async\" draggable=\"false\" role=\"img\" class=\"emoji\" alt=\"\u2714\" src=\"https:\/\/s.w.org\/images\/core\/emoji\/17.0.2\/svg\/2714.svg\">Transformation de VL<\/p>\n<p><img decoding=\"async\" draggable=\"false\" role=\"img\" class=\"emoji\" alt=\"\u2714\" src=\"https:\/\/s.w.org\/images\/core\/emoji\/17.0.2\/svg\/2714.svg\">Am\u00e9nagement int\u00e9rieur<\/p>\n<p><img decoding=\"async\" draggable=\"false\" role=\"img\" class=\"emoji\" alt=\"\u2714\" src=\"https:\/\/s.w.org\/images\/core\/emoji\/17.0.2\/svg\/2714.svg\">Pose de grue<\/p>\n<p><img decoding=\"async\" draggable=\"false\" role=\"img\" class=\"emoji\" alt=\"\u2714\" src=\"https:\/\/s.w.org\/images\/core\/emoji\/17.0.2\/svg\/2714.svg\">Pose de bras ampli roll<\/p>\n<p><img decoding=\"async\" draggable=\"false\" role=\"img\" class=\"emoji\" alt=\"\u2714\" src=\"https:\/\/s.w.org\/images\/core\/emoji\/17.0.2\/svg\/2714.svg\">Fabrication de cellules<\/p>\n<p><img decoding=\"async\" draggable=\"false\" role=\"img\" class=\"emoji\" alt=\"\u2714\" src=\"https:\/\/s.w.org\/images\/core\/emoji\/17.0.2\/svg\/2714.svg\">Montage de rampe prioritaire et signalisation<\/p>\n<p><img decoding=\"async\" draggable=\"false\" role=\"img\" class=\"emoji\" alt=\"\u2714\" src=\"https:\/\/s.w.org\/images\/core\/emoji\/17.0.2\/svg\/2714.svg\">Pose de galerie berce vitre<\/p>\n<p><img decoding=\"async\" draggable=\"false\" role=\"img\" class=\"emoji\" alt=\"\u2714\" src=\"https:\/\/s.w.org\/images\/core\/emoji\/17.0.2\/svg\/2714.svg\">Constructions m\u00e9talliques diverses<br><\/p>\n<p>Et bien d\u2019autres services\u2026<\/p>\n<ul>\n<\/ul>\t\t\t\t\t\t\t\t<\/div>\n\t\t\t\t<\/div>\n\t\t\t\t<\/div>\n\t\t<div class=\"elementor-element elementor-element-4b772e5 e-con-full e-flex e-con e-child\" data-id=\"4b772e5\" data-element_type=\"container\">\n\t\t\t\t<div class=\"elementor-element elementor-element-4930ee0 elementor-widget elementor-widget-image\" data-id=\"4930ee0\" data-element_type=\"widget\" data-widget_type=\"image.default\">\n\t\t\t\t<div class=\"elementor-widget-container\">\n\t\t\t\t\t\t\t\t\t\t\t\t\t\t\t<img fetchpriority=\"high\" decoding=\"async\" width=\"1024\" height=\"659\" src=\"https:\/\/ppci74.fr\/wp-content\/uploads\/2025\/02\/20211005_101629-MODIF-1024x659.jpg\" class=\"attachment-large size-large wp-image-34\" alt=\"\" srcset=\"https:\/\/ppci74.fr\/wp-content\/uploads\/2025\/02\/20211005_101629-MODIF-1024x659.jpg 1024w, https:\/\/ppci74.fr\/wp-content\/uploads\/2025\/02\/20211005_101629-MODIF-300x193.jpg 300w, https:\/\/ppci74.fr\/wp-content\/uploads\/2025\/02\/20211005_101629-MODIF-768x494.jpg 768w, https:\/\/ppci74.fr\/wp-content\/uploads\/2025\/02\/20211005_101629-MODIF-1536x989.jpg 1536w, https:\/\/ppci74.fr\/wp-content\/uploads\/2025\/02\/20211005_101629-MODIF.jpg 1920w\" sizes=\"(max-width: 1024px) 100vw, 1024px\" \/>\t\t\t\t\t\t\t\t\t\t\t\t\t\t\t<\/div>\n\t\t\t\t<\/div>\n\t\t\t\t<\/div>\n\t\t\t\t\t<\/div>\n\t\t\t\t<\/div>\n\t\t<div class=\"elementor-element elementor-element-2307c37 e-flex e-con-boxed e-con e-parent\" data-id=\"2307c37\" data-element_type=\"container\">\n\t\t\t\t\t<div class=\"e-con-inner\">\n\t\t<div class=\"elementor-element elementor-element-e59bbff e-con-full e-flex e-con e-child\" data-id=\"e59bbff\" data-element_type=\"container\">\n\t\t\t\t<div class=\"elementor-element elementor-element-3d7bd11 elementor-widget elementor-widget-heading\" data-id=\"3d7bd11\" data-element_type=\"widget\" data-widget_type=\"heading.default\">\n\t\t\t\t<div class=\"elementor-widget-container\">\n\t\t\t\t\t<h3 class=\"elementor-heading-title elementor-size-default\"><img decoding=\"async\" role=\"img\" class=\"emoji\" alt=\"\ud83d\udd27\" src=\"https:\/\/s.w.org\/images\/core\/emoji\/17.0.2\/svg\/1f527.svg\"> Am\u00e9nagement sur mesure<\/h3>\t\t\t\t<\/div>\n\t\t\t\t<\/div>\n\t\t\t\t<\/div>\n\t\t<div class=\"elementor-element elementor-element-a5d5f7f e-con-full e-flex e-con e-child\" data-id=\"a5d5f7f\" data-element_type=\"container\">\n\t\t\t\t<div class=\"elementor-element elementor-element-46e740e elementor-widget elementor-widget-text-editor\" data-id=\"46e740e\" data-element_type=\"widget\" data-widget_type=\"text-editor.default\">\n\t\t\t\t<div class=\"elementor-widget-container\">\n\t\t\t\t\t\t\t\t\t<p data-start=\"1392\" data-end=\"1444\">Nous concevons des am\u00e9nagements personnalis\u00e9s pour :<\/p>\n<p data-start=\"1446\" data-end=\"1553\">\n<\/p><ul>\n<li>Artisans du b\u00e2timent<\/li>\n<li>Paysagistes<\/li>\n<li>Collectivit\u00e9s<\/li>\n<li>Entreprises de maintenance<\/li>\n<li>Transporteurs<\/li>\n<\/ul>\n<p>Et bien d&rsquo;autres &#8230;<\/p>\t\t\t\t\t\t\t\t<\/div>\n\t\t\t\t<\/div>\n\t\t\t\t<\/div>\n\t\t<div class=\"elementor-element elementor-element-8d266e9 e-con-full e-flex e-con e-child\" data-id=\"8d266e9\" data-element_type=\"container\">\n\t\t\t\t<div class=\"elementor-element elementor-element-9dd2b2f elementor-widget elementor-widget-text-editor\" data-id=\"9dd2b2f\" data-element_type=\"widget\" data-widget_type=\"text-editor.default\">\n\t\t\t\t<div class=\"elementor-widget-container\">\n\t\t\t\t\t\t\t\t\t<p data-start=\"1392\" data-end=\"1444\" style=\"color: rgb(25, 29, 42); margin-bottom: 0px; text-align: justify;\">Nos r\u00e9alisations incluent :<\/p>\n<p data-start=\"1446\" data-end=\"1553\" style=\"color: rgb(25, 29, 42); margin-bottom: 0px; text-align: justify;\">\n<\/p><ul style=\"color: rgb(84, 89, 95); text-align: justify;\">\n<li>Am\u00e9nagement int\u00e9rieur<\/li>\n<li>Rangement m\u00e9talliques sur mesure<\/li>\n<li>Renforcement de strictures<\/li>\n<li>Adaptations sp\u00e9cifiques selon l&rsquo;activit\u00e9<\/li>\n<\/ul>\t\t\t\t\t\t\t\t<\/div>\n\t\t\t\t<\/div>\n\t\t\t\t<\/div>\n\t\t\t\t\t<\/div>\n\t\t\t\t<\/div>\n\t\t<div class=\"elementor-element elementor-element-4ecbb34 e-flex e-con-boxed e-con e-parent\" data-id=\"4ecbb34\" data-element_type=\"container\">\n\t\t\t\t\t<div class=\"e-con-inner\">\n\t\t<div class=\"elementor-element elementor-element-e67f27b e-con-full e-flex e-con e-child\" data-id=\"e67f27b\" data-element_type=\"container\">\n\t\t\t\t<div class=\"elementor-element elementor-element-ac56a78 elementor-widget elementor-widget-image\" data-id=\"ac56a78\" data-element_type=\"widget\" data-widget_type=\"image.default\">\n\t\t\t\t<div class=\"elementor-widget-container\">\n\t\t\t\t\t\t\t\t\t\t\t\t\t\t\t<img decoding=\"async\" width=\"940\" height=\"788\" src=\"https:\/\/ppci74.fr\/wp-content\/uploads\/2025\/02\/1-2.png\" class=\"attachment-large size-large wp-image-35\" alt=\"\" srcset=\"https:\/\/ppci74.fr\/wp-content\/uploads\/2025\/02\/1-2.png 940w, https:\/\/ppci74.fr\/wp-content\/uploads\/2025\/02\/1-2-300x251.png 300w, https:\/\/ppci74.fr\/wp-content\/uploads\/2025\/02\/1-2-768x644.png 768w\" sizes=\"(max-width: 940px) 100vw, 940px\" \/>\t\t\t\t\t\t\t\t\t\t\t\t\t\t\t<\/div>\n\t\t\t\t<\/div>\n\t\t\t\t<\/div>\n\t\t<div class=\"elementor-element elementor-element-c7a8e4d e-con-full e-flex e-con e-child\" data-id=\"c7a8e4d\" data-element_type=\"container\">\n\t\t\t\t<div class=\"elementor-element elementor-element-c2b5c39 elementor-widget elementor-widget-image\" data-id=\"c2b5c39\" data-element_type=\"widget\" data-widget_type=\"image.default\">\n\t\t\t\t<div class=\"elementor-widget-container\">\n\t\t\t\t\t\t\t\t\t\t\t\t\t\t\t<img decoding=\"async\" width=\"940\" height=\"788\" src=\"https:\/\/ppci74.fr\/wp-content\/uploads\/2025\/02\/2-2.png\" class=\"attachment-large size-large wp-image-36\" alt=\"\" srcset=\"https:\/\/ppci74.fr\/wp-content\/uploads\/2025\/02\/2-2.png 940w, https:\/\/ppci74.fr\/wp-content\/uploads\/2025\/02\/2-2-300x251.png 300w, https:\/\/ppci74.fr\/wp-content\/uploads\/2025\/02\/2-2-768x644.png 768w\" sizes=\"(max-width: 940px) 100vw, 940px\" \/>\t\t\t\t\t\t\t\t\t\t\t\t\t\t\t<\/div>\n\t\t\t\t<\/div>\n\t\t\t\t<\/div>\n\t\t<div class=\"elementor-element elementor-element-ce56f1d e-con-full e-flex e-con e-child\" data-id=\"ce56f1d\" data-element_type=\"container\">\n\t\t\t\t<div class=\"elementor-element elementor-element-4cc7fbd elementor-widget elementor-widget-image\" data-id=\"4cc7fbd\" data-element_type=\"widget\" data-widget_type=\"image.default\">\n\t\t\t\t<div class=\"elementor-widget-container\">\n\t\t\t\t\t\t\t\t\t\t\t\t\t\t\t<img loading=\"lazy\" decoding=\"async\" width=\"940\" height=\"788\" src=\"https:\/\/ppci74.fr\/wp-content\/uploads\/2025\/02\/3-2.png\" class=\"attachment-large size-large wp-image-37\" alt=\"\" srcset=\"https:\/\/ppci74.fr\/wp-content\/uploads\/2025\/02\/3-2.png 940w, https:\/\/ppci74.fr\/wp-content\/uploads\/2025\/02\/3-2-300x251.png 300w, https:\/\/ppci74.fr\/wp-content\/uploads\/2025\/02\/3-2-768x644.png 768w\" sizes=\"(max-width: 940px) 100vw, 940px\" \/>\t\t\t\t\t\t\t\t\t\t\t\t\t\t\t<\/div>\n\t\t\t\t<\/div>\n\t\t\t\t<\/div>\n\t\t<div class=\"elementor-element elementor-element-51cc3ab e-con-full e-flex e-con e-child\" data-id=\"51cc3ab\" data-element_type=\"container\">\n\t\t\t\t<div class=\"elementor-element elementor-element-243da79 elementor-widget elementor-widget-image\" data-id=\"243da79\" data-element_type=\"widget\" data-widget_type=\"image.default\">\n\t\t\t\t<div class=\"elementor-widget-container\">\n\t\t\t\t\t\t\t\t\t\t\t\t\t\t\t<img loading=\"lazy\" decoding=\"async\" width=\"940\" height=\"788\" src=\"https:\/\/ppci74.fr\/wp-content\/uploads\/2025\/02\/4-1.png\" class=\"attachment-large size-large wp-image-38\" alt=\"\" srcset=\"https:\/\/ppci74.fr\/wp-content\/uploads\/2025\/02\/4-1.png 940w, https:\/\/ppci74.fr\/wp-content\/uploads\/2025\/02\/4-1-300x251.png 300w, https:\/\/ppci74.fr\/wp-content\/uploads\/2025\/02\/4-1-768x644.png 768w\" sizes=\"(max-width: 940px) 100vw, 940px\" \/>\t\t\t\t\t\t\t\t\t\t\t\t\t\t\t<\/div>\n\t\t\t\t<\/div>\n\t\t\t\t<\/div>\n\t\t\t\t\t<\/div>\n\t\t\t\t<\/div>\n\t\t<div class=\"elementor-element elementor-element-2741005 e-flex e-con-boxed e-con e-parent\" data-id=\"2741005\" data-element_type=\"container\">\n\t\t\t\t\t<div class=\"e-con-inner\">\n\t\t\t\t<div class=\"elementor-element elementor-element-aef9af2 elementor-widget elementor-widget-heading\" data-id=\"aef9af2\" data-element_type=\"widget\" data-widget_type=\"heading.default\">\n\t\t\t\t<div class=\"elementor-widget-container\">\n\t\t\t\t\t<h2 class=\"elementor-heading-title elementor-size-default\">Nos valeurs<\/h2>\t\t\t\t<\/div>\n\t\t\t\t<\/div>\n\t\t\t\t\t<\/div>\n\t\t\t\t<\/div>\n\t\t<div class=\"elementor-element elementor-element-23fa779 e-flex e-con-boxed e-con e-parent\" data-id=\"23fa779\" data-element_type=\"container\">\n\t\t\t\t\t<div class=\"e-con-inner\">\n\t\t<div class=\"elementor-element elementor-element-b7174b7 e-con-full e-flex e-con e-child\" data-id=\"b7174b7\" data-element_type=\"container\">\n\t\t\t\t<div class=\"elementor-element elementor-element-3c81252 elementor-widget elementor-widget-text-editor\" data-id=\"3c81252\" data-element_type=\"widget\" data-widget_type=\"text-editor.default\">\n\t\t\t\t<div class=\"elementor-widget-container\">\n\t\t\t\t\t\t\t\t\t<ul><li>Am\u00e9nagements sur-mesure<\/li><li>D\u00e9lais de montage et de livraison garantis<\/li><li>Conseils personnalis\u00e9s<\/li><li>Devis gratuit<\/li><li>SAV performant<\/li><\/ul>\t\t\t\t\t\t\t\t<\/div>\n\t\t\t\t<\/div>\n\t\t\t\t<\/div>\n\t\t<div class=\"elementor-element elementor-element-3fdbdf5 e-con-full e-flex e-con e-child\" data-id=\"3fdbdf5\" data-element_type=\"container\">\n\t\t\t\t<div class=\"elementor-element elementor-element-a5ed478 elementor-widget elementor-widget-video\" data-id=\"a5ed478\" data-element_type=\"widget\" data-settings=\"{&quot;video_type&quot;:&quot;hosted&quot;,&quot;autoplay&quot;:&quot;yes&quot;,&quot;loop&quot;:&quot;yes&quot;,&quot;controls&quot;:&quot;yes&quot;}\" data-widget_type=\"video.default\">\n\t\t\t\t<div class=\"elementor-widget-container\">\n\t\t\t\t\t\t\t<div class=\"e-hosted-video elementor-wrapper elementor-open-inline\">\n\t\t\t\t\t<video class=\"elementor-video\" src=\"http:\/\/ppci74.fr\/wp-content\/uploads\/2025\/02\/VALEURS-PPCI-1.mp4\" autoplay=\"\" loop=\"\" controls=\"\" controlsList=\"nodownload\"><\/video>\n\t\t\t\t<\/div>\n\t\t\t\t\t\t<\/div>\n\t\t\t\t<\/div>\n\t\t\t\t<\/div>\n\t\t\t\t\t<\/div>\n\t\t\t\t<\/div>\n\t\t\t\t<\/div>\n\t\t","protected":false},"excerpt":{"rendered":"<p>Nos services Chez PPCI, nous concevons des solutions techniques adapt\u00e9es&nbsp; aux contraintes de votre m\u00e9tier. Chaque projet est \u00e9tudi\u00e9 pour optimiser votre efficacit\u00e9, votre s\u00e9curit\u00e9 et la durabilit\u00e9 de votre v\u00e9hicules professionnel. Nous r\u00e9alisons l&rsquo;am\u00e9nagement et l&rsquo;adaptation de v\u00e9hicules l\u00e9gers et poids lourds pour r\u00e9pondre aux exigences de chacun. Sp\u00e9cialis\u00e9 dans la fabrication de superstructures [&hellip;]<\/p>\n","protected":false},"author":1,"featured_media":0,"parent":0,"menu_order":0,"comment_status":"closed","ping_status":"closed","template":"","meta":{"saved_in_kubio":false,"footnotes":""},"class_list":["post-32","page","type-page","status-publish","hentry"],"kubio_ai_page_context":{"short_desc":"","purpose":"general"},"_links":{"self":[{"href":"https:\/\/ppci74.fr\/index.php\/wp-json\/wp\/v2\/pages\/32","targetHints":{"allow":["GET"]}}],"collection":[{"href":"https:\/\/ppci74.fr\/index.php\/wp-json\/wp\/v2\/pages"}],"about":[{"href":"https:\/\/ppci74.fr\/index.php\/wp-json\/wp\/v2\/types\/page"}],"author":[{"embeddable":true,"href":"https:\/\/ppci74.fr\/index.php\/wp-json\/wp\/v2\/users\/1"}],"replies":[{"embeddable":true,"href":"https:\/\/ppci74.fr\/index.php\/wp-json\/wp\/v2\/comments?post=32"}],"version-history":[{"count":22,"href":"https:\/\/ppci74.fr\/index.php\/wp-json\/wp\/v2\/pages\/32\/revisions"}],"predecessor-version":[{"id":337,"href":"https:\/\/ppci74.fr\/index.php\/wp-json\/wp\/v2\/pages\/32\/revisions\/337"}],"wp:attachment":[{"href":"https:\/\/ppci74.fr\/index.php\/wp-json\/wp\/v2\/media?parent=32"}],"curies":[{"name":"wp","href":"https:\/\/api.w.org\/{rel}","templated":true}]}}