{"id":23,"date":"2025-02-09T17:13:57","date_gmt":"2025-02-09T16:13:57","guid":{"rendered":"https:\/\/ppci74.fr\/?page_id=23"},"modified":"2025-02-09T17:13:57","modified_gmt":"2025-02-09T16:13:57","slug":"nos-outils-de-travail","status":"publish","type":"page","link":"https:\/\/ppci74.fr\/index.php\/nos-outils-de-travail\/","title":{"rendered":"Nos outils de travail"},"content":{"rendered":"\t\t<div data-elementor-type=\"wp-page\" data-elementor-id=\"23\" class=\"elementor elementor-23\">\n\t\t\t\t<div class=\"elementor-element elementor-element-09e7ff5 e-flex e-con-boxed e-con e-parent\" data-id=\"09e7ff5\" data-element_type=\"container\">\n\t\t\t\t\t<div class=\"e-con-inner\">\n\t\t\t\t<div class=\"elementor-element elementor-element-1e06467 elementor-widget elementor-widget-heading\" data-id=\"1e06467\" data-element_type=\"widget\" data-widget_type=\"heading.default\">\n\t\t\t\t<div class=\"elementor-widget-container\">\n\t\t\t\t\t<h2 class=\"elementor-heading-title elementor-size-default\">Nos outils de travail<\/h2>\t\t\t\t<\/div>\n\t\t\t\t<\/div>\n\t\t\t\t\t<\/div>\n\t\t\t\t<\/div>\n\t\t<div class=\"elementor-element elementor-element-a7ac87b e-flex e-con-boxed e-con e-parent\" data-id=\"a7ac87b\" data-element_type=\"container\">\n\t\t\t\t\t<div class=\"e-con-inner\">\n\t\t\t\t<div class=\"elementor-element elementor-element-75bdb81 elementor-widget elementor-widget-text-editor\" data-id=\"75bdb81\" data-element_type=\"widget\" data-widget_type=\"text-editor.default\">\n\t\t\t\t<div class=\"elementor-widget-container\">\n\t\t\t\t\t\t\t\t\t<p>Nos prestations sont assur\u00e9es par des collaborateurs soucieux de la bonne qualit\u00e9 du travail r\u00e9alis\u00e9 avec un mat\u00e9riel renouvel\u00e9 en 2020, tel que\u00a0:<\/p>\t\t\t\t\t\t\t\t<\/div>\n\t\t\t\t<\/div>\n\t\t\t\t<div class=\"elementor-element elementor-element-28f8b79 elementor-widget elementor-widget-video\" data-id=\"28f8b79\" data-element_type=\"widget\" data-settings=\"{&quot;video_type&quot;:&quot;hosted&quot;,&quot;autoplay&quot;:&quot;yes&quot;,&quot;play_on_mobile&quot;:&quot;yes&quot;,&quot;loop&quot;:&quot;yes&quot;,&quot;controls&quot;:&quot;yes&quot;}\" data-widget_type=\"video.default\">\n\t\t\t\t<div class=\"elementor-widget-container\">\n\t\t\t\t\t\t\t<div class=\"e-hosted-video elementor-wrapper elementor-open-inline\">\n\t\t\t\t\t<video class=\"elementor-video\" src=\"http:\/\/ppci74.fr\/wp-content\/uploads\/2025\/02\/VIDEO-MACHINES-SITEWEB-1.mp4\" autoplay=\"\" loop=\"\" controls=\"\" playsinline=\"\" controlsList=\"nodownload\"><\/video>\n\t\t\t\t<\/div>\n\t\t\t\t\t\t<\/div>\n\t\t\t\t<\/div>\n\t\t\t\t\t<\/div>\n\t\t\t\t<\/div>\n\t\t<div class=\"elementor-element elementor-element-6db4f10 e-grid e-con-boxed e-con e-parent\" data-id=\"6db4f10\" data-element_type=\"container\">\n\t\t\t\t\t<div class=\"e-con-inner\">\n\t\t\t\t<div class=\"elementor-element elementor-element-0d51bfd elementor-position-top elementor-widget elementor-widget-image-box\" data-id=\"0d51bfd\" data-element_type=\"widget\" data-widget_type=\"image-box.default\">\n\t\t\t\t<div class=\"elementor-widget-container\">\n\t\t\t\t\t<div class=\"elementor-image-box-wrapper\"><figure class=\"elementor-image-box-img\"><img fetchpriority=\"high\" decoding=\"async\" width=\"1920\" height=\"1080\" src=\"https:\/\/ppci74.fr\/wp-content\/uploads\/2025\/02\/1-1.png\" class=\"attachment-full size-full wp-image-26\" alt=\"\" srcset=\"https:\/\/ppci74.fr\/wp-content\/uploads\/2025\/02\/1-1.png 1920w, https:\/\/ppci74.fr\/wp-content\/uploads\/2025\/02\/1-1-300x169.png 300w, https:\/\/ppci74.fr\/wp-content\/uploads\/2025\/02\/1-1-1024x576.png 1024w, https:\/\/ppci74.fr\/wp-content\/uploads\/2025\/02\/1-1-768x432.png 768w, https:\/\/ppci74.fr\/wp-content\/uploads\/2025\/02\/1-1-1536x864.png 1536w\" sizes=\"(max-width: 1920px) 100vw, 1920px\" \/><\/figure><div class=\"elementor-image-box-content\"><h3 class=\"elementor-image-box-title\">La Presse Plieuse CN<\/h3><p class=\"elementor-image-box-description\">Notre presse plieuse CN plie la t\u00f4le selon vos besoins !<\/p><\/div><\/div>\t\t\t\t<\/div>\n\t\t\t\t<\/div>\n\t\t\t\t<div class=\"elementor-element elementor-element-8c893d0 elementor-position-top elementor-widget elementor-widget-image-box\" data-id=\"8c893d0\" data-element_type=\"widget\" data-widget_type=\"image-box.default\">\n\t\t\t\t<div class=\"elementor-widget-container\">\n\t\t\t\t\t<div class=\"elementor-image-box-wrapper\"><figure class=\"elementor-image-box-img\"><img decoding=\"async\" width=\"1920\" height=\"1080\" src=\"https:\/\/ppci74.fr\/wp-content\/uploads\/2025\/02\/2-1.png\" class=\"attachment-full size-full wp-image-27\" alt=\"\" srcset=\"https:\/\/ppci74.fr\/wp-content\/uploads\/2025\/02\/2-1.png 1920w, https:\/\/ppci74.fr\/wp-content\/uploads\/2025\/02\/2-1-300x169.png 300w, https:\/\/ppci74.fr\/wp-content\/uploads\/2025\/02\/2-1-1024x576.png 1024w, https:\/\/ppci74.fr\/wp-content\/uploads\/2025\/02\/2-1-768x432.png 768w, https:\/\/ppci74.fr\/wp-content\/uploads\/2025\/02\/2-1-1536x864.png 1536w\" sizes=\"(max-width: 1920px) 100vw, 1920px\" \/><\/figure><div class=\"elementor-image-box-content\"><h3 class=\"elementor-image-box-title\">La Cisaille CN<\/h3><p class=\"elementor-image-box-description\">Notre cisaille CN nous permet de couper toute sortes de t\u00f4les : aluminium, inox, acier, tout y passe !\n<\/p><\/div><\/div>\t\t\t\t<\/div>\n\t\t\t\t<\/div>\n\t\t\t\t<div class=\"elementor-element elementor-element-26280cf elementor-position-top elementor-widget elementor-widget-image-box\" data-id=\"26280cf\" data-element_type=\"widget\" data-widget_type=\"image-box.default\">\n\t\t\t\t<div class=\"elementor-widget-container\">\n\t\t\t\t\t<div class=\"elementor-image-box-wrapper\"><figure class=\"elementor-image-box-img\"><img decoding=\"async\" width=\"1920\" height=\"1080\" src=\"https:\/\/ppci74.fr\/wp-content\/uploads\/2025\/02\/3-1.png\" class=\"attachment-full size-full wp-image-28\" alt=\"\" srcset=\"https:\/\/ppci74.fr\/wp-content\/uploads\/2025\/02\/3-1.png 1920w, https:\/\/ppci74.fr\/wp-content\/uploads\/2025\/02\/3-1-300x169.png 300w, https:\/\/ppci74.fr\/wp-content\/uploads\/2025\/02\/3-1-1024x576.png 1024w, https:\/\/ppci74.fr\/wp-content\/uploads\/2025\/02\/3-1-768x432.png 768w, https:\/\/ppci74.fr\/wp-content\/uploads\/2025\/02\/3-1-1536x864.png 1536w\" sizes=\"(max-width: 1920px) 100vw, 1920px\" \/><\/figure><div class=\"elementor-image-box-content\"><h3 class=\"elementor-image-box-title\">La Scie \u00e0 Ruban<\/h3><p class=\"elementor-image-box-description\">Notre scie \u00e0 ruban nous sert \u00e0 r\u00e9aliser des coupes de profil comme des tubes ou des ronds.<\/p><\/div><\/div>\t\t\t\t<\/div>\n\t\t\t\t<\/div>\n\t\t\t\t\t<\/div>\n\t\t\t\t<\/div>\n\t\t<div class=\"elementor-element elementor-element-03220c4 e-flex e-con-boxed e-con e-parent\" data-id=\"03220c4\" data-element_type=\"container\">\n\t\t\t\t\t<div class=\"e-con-inner\">\n\t\t\t\t\t<\/div>\n\t\t\t\t<\/div>\n\t\t\t\t<\/div>\n\t\t","protected":false},"excerpt":{"rendered":"<p>Nos outils de travail Nos prestations sont assur\u00e9es par des collaborateurs soucieux de la bonne qualit\u00e9 du travail r\u00e9alis\u00e9 avec un mat\u00e9riel renouvel\u00e9 en 2020, tel que\u00a0: http:\/\/ppci74.fr\/wp-content\/uploads\/2025\/02\/VIDEO-MACHINES-SITEWEB-1.mp4 La Presse Plieuse CN Notre presse plieuse CN plie la t\u00f4le selon vos besoins ! La Cisaille CN Notre cisaille CN nous permet de couper toute sortes [&hellip;]<\/p>\n","protected":false},"author":1,"featured_media":0,"parent":0,"menu_order":0,"comment_status":"closed","ping_status":"closed","template":"","meta":{"saved_in_kubio":false,"footnotes":""},"class_list":["post-23","page","type-page","status-publish","hentry"],"kubio_ai_page_context":{"short_desc":"","purpose":"general"},"_links":{"self":[{"href":"https:\/\/ppci74.fr\/index.php\/wp-json\/wp\/v2\/pages\/23","targetHints":{"allow":["GET"]}}],"collection":[{"href":"https:\/\/ppci74.fr\/index.php\/wp-json\/wp\/v2\/pages"}],"about":[{"href":"https:\/\/ppci74.fr\/index.php\/wp-json\/wp\/v2\/types\/page"}],"author":[{"embeddable":true,"href":"https:\/\/ppci74.fr\/index.php\/wp-json\/wp\/v2\/users\/1"}],"replies":[{"embeddable":true,"href":"https:\/\/ppci74.fr\/index.php\/wp-json\/wp\/v2\/comments?post=23"}],"version-history":[{"count":4,"href":"https:\/\/ppci74.fr\/index.php\/wp-json\/wp\/v2\/pages\/23\/revisions"}],"predecessor-version":[{"id":31,"href":"https:\/\/ppci74.fr\/index.php\/wp-json\/wp\/v2\/pages\/23\/revisions\/31"}],"wp:attachment":[{"href":"https:\/\/ppci74.fr\/index.php\/wp-json\/wp\/v2\/media?parent=23"}],"curies":[{"name":"wp","href":"https:\/\/api.w.org\/{rel}","templated":true}]}}