{"id":130,"date":"2025-02-09T17:13:14","date_gmt":"2025-02-09T16:13:14","guid":{"rendered":"https:\/\/ppci74.fr\/?page_id=130"},"modified":"2026-03-03T16:04:03","modified_gmt":"2026-03-03T15:04:03","slug":"accueil","status":"publish","type":"page","link":"https:\/\/ppci74.fr\/","title":{"rendered":"Accueil"},"content":{"rendered":"\t\t<div data-elementor-type=\"wp-page\" data-elementor-id=\"130\" class=\"elementor elementor-130\">\n\t\t\t\t<div class=\"elementor-element elementor-element-3b36054 e-flex e-con-boxed e-con e-parent\" data-id=\"3b36054\" data-element_type=\"container\">\n\t\t\t\t\t<div class=\"e-con-inner\">\n\t\t\t\t<div class=\"elementor-element elementor-element-193552b elementor-invisible elementor-widget elementor-widget-heading\" data-id=\"193552b\" data-element_type=\"widget\" data-settings=\"{&quot;_animation&quot;:&quot;bounceIn&quot;}\" data-widget_type=\"heading.default\">\n\t\t\t\t<div class=\"elementor-widget-container\">\n\t\t\t\t\t<h1 class=\"elementor-heading-title elementor-size-default\"><br><br><br>Bienvenue chez <br>PPCI Carrosserie Industrielle<br><br><br><\/h1>\t\t\t\t<\/div>\n\t\t\t\t<\/div>\n\t\t\t\t<div class=\"elementor-element elementor-element-439633f elementor-arrows-position-inside elementor-pagination-position-outside elementor-widget elementor-widget-image-carousel\" data-id=\"439633f\" data-element_type=\"widget\" data-settings=\"{&quot;slides_to_show&quot;:&quot;1&quot;,&quot;navigation&quot;:&quot;both&quot;,&quot;autoplay&quot;:&quot;yes&quot;,&quot;pause_on_hover&quot;:&quot;yes&quot;,&quot;pause_on_interaction&quot;:&quot;yes&quot;,&quot;autoplay_speed&quot;:5000,&quot;infinite&quot;:&quot;yes&quot;,&quot;effect&quot;:&quot;slide&quot;,&quot;speed&quot;:500}\" data-widget_type=\"image-carousel.default\">\n\t\t\t\t<div class=\"elementor-widget-container\">\n\t\t\t\t\t\t\t<div class=\"elementor-image-carousel-wrapper swiper\" role=\"region\" aria-roledescription=\"carousel\" aria-label=\"Carrousel d\u2019images\" dir=\"ltr\">\n\t\t\t<div class=\"elementor-image-carousel swiper-wrapper\" aria-live=\"off\">\n\t\t\t\t\t\t\t\t<div class=\"swiper-slide\" role=\"group\" aria-roledescription=\"slide\" aria-label=\"1 sur 4\"><a data-elementor-open-lightbox=\"yes\" data-elementor-lightbox-slideshow=\"439633f\" data-elementor-lightbox-title=\"facebook_1739025480136_7294001527438115691\" data-e-action-hash=\"#elementor-action%3Aaction%3Dlightbox%26settings%3DeyJpZCI6MTEsInVybCI6Imh0dHBzOlwvXC9wcGNpNzQuZnJcL3dwLWNvbnRlbnRcL3VwbG9hZHNcLzIwMjVcLzAyXC9mYWNlYm9va18xNzM5MDI1NDgwMTM2XzcyOTQwMDE1Mjc0MzgxMTU2OTEuanBnIiwic2xpZGVzaG93IjoiNDM5NjMzZiJ9\" href=\"https:\/\/ppci74.fr\/wp-content\/uploads\/2025\/02\/facebook_1739025480136_7294001527438115691.jpg\"><figure class=\"swiper-slide-inner\"><img decoding=\"async\" class=\"swiper-slide-image\" src=\"https:\/\/ppci74.fr\/wp-content\/uploads\/2025\/02\/facebook_1739025480136_7294001527438115691.jpg\" alt=\"facebook_1739025480136_7294001527438115691\" \/><\/figure><\/a><\/div><div class=\"swiper-slide\" role=\"group\" aria-roledescription=\"slide\" aria-label=\"2 sur 4\"><a data-elementor-open-lightbox=\"yes\" data-elementor-lightbox-slideshow=\"439633f\" data-elementor-lightbox-title=\"facebook_1739025560113_7294001862885963187\" data-e-action-hash=\"#elementor-action%3Aaction%3Dlightbox%26settings%3DeyJpZCI6MTIsInVybCI6Imh0dHBzOlwvXC9wcGNpNzQuZnJcL3dwLWNvbnRlbnRcL3VwbG9hZHNcLzIwMjVcLzAyXC9mYWNlYm9va18xNzM5MDI1NTYwMTEzXzcyOTQwMDE4NjI4ODU5NjMxODcuanBnIiwic2xpZGVzaG93IjoiNDM5NjMzZiJ9\" href=\"https:\/\/ppci74.fr\/wp-content\/uploads\/2025\/02\/facebook_1739025560113_7294001862885963187.jpg\"><figure class=\"swiper-slide-inner\"><img decoding=\"async\" class=\"swiper-slide-image\" src=\"https:\/\/ppci74.fr\/wp-content\/uploads\/2025\/02\/facebook_1739025560113_7294001862885963187.jpg\" alt=\"facebook_1739025560113_7294001862885963187\" \/><\/figure><\/a><\/div><div class=\"swiper-slide\" role=\"group\" aria-roledescription=\"slide\" aria-label=\"3 sur 4\"><a data-elementor-open-lightbox=\"yes\" data-elementor-lightbox-slideshow=\"439633f\" data-elementor-lightbox-title=\"20210616_143152 RETOUCH\" data-e-action-hash=\"#elementor-action%3Aaction%3Dlightbox%26settings%3DeyJpZCI6MTAsInVybCI6Imh0dHBzOlwvXC9wcGNpNzQuZnJcL3dwLWNvbnRlbnRcL3VwbG9hZHNcLzIwMjVcLzAyXC8yMDIxMDYxNl8xNDMxNTItUkVUT1VDSC5qcGciLCJzbGlkZXNob3ciOiI0Mzk2MzNmIn0%3D\" href=\"https:\/\/ppci74.fr\/wp-content\/uploads\/2025\/02\/20210616_143152-RETOUCH.jpg\"><figure class=\"swiper-slide-inner\"><img decoding=\"async\" class=\"swiper-slide-image\" src=\"https:\/\/ppci74.fr\/wp-content\/uploads\/2025\/02\/20210616_143152-RETOUCH.jpg\" alt=\"20210616_143152 RETOUCH\" \/><\/figure><\/a><\/div><div class=\"swiper-slide\" role=\"group\" aria-roledescription=\"slide\" aria-label=\"4 sur 4\"><a data-elementor-open-lightbox=\"yes\" data-elementor-lightbox-slideshow=\"439633f\" data-elementor-lightbox-title=\"5\" data-e-action-hash=\"#elementor-action%3Aaction%3Dlightbox%26settings%3DeyJpZCI6ODQsInVybCI6Imh0dHBzOlwvXC9wcGNpNzQuZnJcL3dwLWNvbnRlbnRcL3VwbG9hZHNcLzIwMjVcLzAyXC81LTEucG5nIiwic2xpZGVzaG93IjoiNDM5NjMzZiJ9\" href=\"https:\/\/ppci74.fr\/wp-content\/uploads\/2025\/02\/5-1.png\"><figure class=\"swiper-slide-inner\"><img decoding=\"async\" class=\"swiper-slide-image\" src=\"https:\/\/ppci74.fr\/wp-content\/uploads\/2025\/02\/5-1.png\" alt=\"5\" \/><\/figure><\/a><\/div>\t\t\t<\/div>\n\t\t\t\t\t\t\t\t\t\t\t\t<div class=\"elementor-swiper-button elementor-swiper-button-prev\" role=\"button\" tabindex=\"0\">\n\t\t\t\t\t\t<svg aria-hidden=\"true\" class=\"e-font-icon-svg e-eicon-chevron-left\" viewBox=\"0 0 1000 1000\" xmlns=\"http:\/\/www.w3.org\/2000\/svg\"><path d=\"M646 125C629 125 613 133 604 142L308 442C296 454 292 471 292 487 292 504 296 521 308 533L604 854C617 867 629 875 646 875 663 875 679 871 692 858 704 846 713 829 713 812 713 796 708 779 692 767L438 487 692 225C700 217 708 204 708 187 708 171 704 154 692 142 675 129 663 125 646 125Z\"><\/path><\/svg>\t\t\t\t\t<\/div>\n\t\t\t\t\t<div class=\"elementor-swiper-button elementor-swiper-button-next\" role=\"button\" tabindex=\"0\">\n\t\t\t\t\t\t<svg aria-hidden=\"true\" class=\"e-font-icon-svg e-eicon-chevron-right\" viewBox=\"0 0 1000 1000\" xmlns=\"http:\/\/www.w3.org\/2000\/svg\"><path d=\"M696 533C708 521 713 504 713 487 713 471 708 454 696 446L400 146C388 133 375 125 354 125 338 125 325 129 313 142 300 154 292 171 292 187 292 204 296 221 308 233L563 492 304 771C292 783 288 800 288 817 288 833 296 850 308 863 321 871 338 875 354 875 371 875 388 867 400 854L696 533Z\"><\/path><\/svg>\t\t\t\t\t<\/div>\n\t\t\t\t\n\t\t\t\t\t\t\t\t\t<div class=\"swiper-pagination\"><\/div>\n\t\t\t\t\t\t\t\t\t<\/div>\n\t\t\t\t\t\t<\/div>\n\t\t\t\t<\/div>\n\t\t\t\t<div class=\"elementor-element elementor-element-c7dda19 elementor-widget elementor-widget-text-editor\" data-id=\"c7dda19\" data-element_type=\"widget\" data-widget_type=\"text-editor.default\">\n\t\t\t\t<div class=\"elementor-widget-container\">\n\t\t\t\t\t\t\t\t\t<p>P P C I Carrosserie Industrielle accompagne les professionnels dans la transformation et l\u2019optimisation de leurs v\u00e9hicules utilitaires et industriels.<\/p>\n<p data-start=\"373\" data-end=\"660\">Bennes, plateaux, hayons, am\u00e9nagements sur-mesure : nous concevons des solutions adapt\u00e9es \u00e0 votre m\u00e9tier et \u00e0 vos exigences.<\/p>\n<p data-start=\"750\" data-end=\"787\">\n<\/p>\n<p data-start=\"662\" data-end=\"748\"><img decoding=\"async\" draggable=\"false\" role=\"img\" class=\"emoji\" alt=\"\ud83d\udd27\" src=\"https:\/\/s.w.org\/images\/core\/emoji\/17.0.2\/svg\/1f527.svg\"> Fabrication sur mesure<br data-start=\"687\" data-end=\"690\"><img decoding=\"async\" draggable=\"false\" role=\"img\" class=\"emoji\" alt=\"\ud83d\udccd\" src=\"https:\/\/s.w.org\/images\/core\/emoji\/17.0.2\/svg\/1f4cd.svg\"> Bas\u00e9s en Haute-Savoie (74)<br data-start=\"719\" data-end=\"722\"><img decoding=\"async\" draggable=\"false\" role=\"img\" class=\"emoji\" alt=\"\ud83d\udcde\" src=\"https:\/\/s.w.org\/images\/core\/emoji\/17.0.2\/svg\/1f4de.svg\"> Devis rapide et gratuit<\/p>\t\t\t\t\t\t\t\t<\/div>\n\t\t\t\t<\/div>\n\t\t\t\t<div class=\"elementor-element elementor-element-7bde898 elementor-align-center elementor-widget elementor-widget-button\" data-id=\"7bde898\" data-element_type=\"widget\" data-widget_type=\"button.default\">\n\t\t\t\t<div class=\"elementor-widget-container\">\n\t\t\t\t\t\t\t\t\t<div class=\"elementor-button-wrapper\">\n\t\t\t\t\t<a class=\"elementor-button elementor-button-link elementor-size-sm\" href=\"\">\n\t\t\t\t\t\t<span class=\"elementor-button-content-wrapper\">\n\t\t\t\t\t\t\t\t\t<span class=\"elementor-button-text\">Demander un devis<\/span>\n\t\t\t\t\t<\/span>\n\t\t\t\t\t<\/a>\n\t\t\t\t<\/div>\n\t\t\t\t\t\t\t\t<\/div>\n\t\t\t\t<\/div>\n\t\t\t\t<div class=\"elementor-element elementor-element-2e627c3 elementor-widget elementor-widget-heading\" data-id=\"2e627c3\" data-element_type=\"widget\" data-widget_type=\"heading.default\">\n\t\t\t\t<div class=\"elementor-widget-container\">\n\t\t\t\t\t<h2 class=\"elementor-heading-title elementor-size-default\"><br>Des solutions sur-mesure pour votre m\u00e9tier : <\/h2>\t\t\t\t<\/div>\n\t\t\t\t<\/div>\n\t\t\t\t<div class=\"elementor-element elementor-element-f6aa24c elementor-widget elementor-widget-text-editor\" data-id=\"f6aa24c\" data-element_type=\"widget\" data-widget_type=\"text-editor.default\">\n\t\t\t\t<div class=\"elementor-widget-container\">\n\t\t\t\t\t\t\t\t\t<p>Chaque professionnel a des besoins diff\u00e9rents.<\/p>\n<p>C&rsquo;est pourquoi nous r\u00e9alisons des am\u00e9nagements enti\u00e8rement personnalis\u00e9s, pens\u00e9s pour am\u00e9liorer votre efficacit\u00e9 sur le terrain.&nbsp;<\/p>\n<p>Nos principales r\u00e9alisations :&nbsp;<\/p>\n<p>&#8211; Fabrication et pose de bennes<\/p>\n<p>&#8211; Plateau fixes et basculants<\/p>\n<p>&#8211; Installation de hayons \u00e9l\u00e9vateurs<\/p>\n<p>&#8211; Am\u00e9nagements ext\u00e9rieurs et int\u00e9rieurs de v\u00e9hicules utilitaires<\/p>\n<p>&#8211; Constructions et adaptation m\u00e9talliques sp\u00e9cifiques<\/p><p><br><\/p>\t\t\t\t\t\t\t\t<\/div>\n\t\t\t\t<\/div>\n\t\t\t\t<div class=\"elementor-element elementor-element-62e2dca elementor-widget elementor-widget-heading\" data-id=\"62e2dca\" data-element_type=\"widget\" data-widget_type=\"heading.default\">\n\t\t\t\t<div class=\"elementor-widget-container\">\n\t\t\t\t\t<h2 class=\"elementor-heading-title elementor-size-default\">15 ans d\u2019expertise au service des professionnels : <\/h2>\t\t\t\t<\/div>\n\t\t\t\t<\/div>\n\t\t\t\t<div class=\"elementor-element elementor-element-eba8a3e elementor-widget elementor-widget-text-editor\" data-id=\"eba8a3e\" data-element_type=\"widget\" data-widget_type=\"text-editor.default\">\n\t\t\t\t<div class=\"elementor-widget-container\">\n\t\t\t\t\t\t\t\t\t<p>Fond\u00e9e par Pascal Poncet, PPCI s\u2019est d\u00e9velopp\u00e9e autour d\u2019une exigence simple :<\/p><p data-start=\"1463\" data-end=\"1614\">\nproposer un travail soign\u00e9, durable et conforme aux normes en vigueur.<\/p>\n<p data-start=\"1616\" data-end=\"1745\"><\/p>\t\t\t\t\t\t\t\t<\/div>\n\t\t\t\t<\/div>\n\t\t\t\t\t<\/div>\n\t\t\t\t<\/div>\n\t\t<div class=\"elementor-element elementor-element-f071893 e-grid e-con-boxed e-con e-parent\" data-id=\"f071893\" data-element_type=\"container\">\n\t\t\t\t\t<div class=\"e-con-inner\">\n\t\t\t\t<div class=\"elementor-element elementor-element-f2e3401 elementor-widget elementor-widget-heading\" data-id=\"f2e3401\" data-element_type=\"widget\" data-widget_type=\"heading.default\">\n\t\t\t\t<div class=\"elementor-widget-container\">\n\t\t\t\t\t<p class=\"elementor-heading-title elementor-size-default\">\u2714 Entreprise certifi\u00e9e UTAC<\/p>\t\t\t\t<\/div>\n\t\t\t\t<\/div>\n\t\t\t\t<div class=\"elementor-element elementor-element-9182268 elementor-widget elementor-widget-heading\" data-id=\"9182268\" data-element_type=\"widget\" data-widget_type=\"heading.default\">\n\t\t\t\t<div class=\"elementor-widget-container\">\n\t\t\t\t\t<p class=\"elementor-heading-title elementor-size-default\">\u2714 \u00c9quipe qualifi\u00e9e et polyvalente<\/p>\t\t\t\t<\/div>\n\t\t\t\t<\/div>\n\t\t\t\t<div class=\"elementor-element elementor-element-f9baa33 elementor-widget elementor-widget-heading\" data-id=\"f9baa33\" data-element_type=\"widget\" data-widget_type=\"heading.default\">\n\t\t\t\t<div class=\"elementor-widget-container\">\n\t\t\t\t\t<p class=\"elementor-heading-title elementor-size-default\">\u2714 Partenaire du r\u00e9seau JPM<\/p>\t\t\t\t<\/div>\n\t\t\t\t<\/div>\n\t\t\t\t\t<\/div>\n\t\t\t\t<\/div>\n\t\t<div class=\"elementor-element elementor-element-2d90255 e-flex e-con-boxed e-con e-parent\" data-id=\"2d90255\" data-element_type=\"container\">\n\t\t\t\t\t<div class=\"e-con-inner\">\n\t\t\t\t\t<\/div>\n\t\t\t\t<\/div>\n\t\t<div class=\"elementor-element elementor-element-2f32672 e-grid e-con-boxed e-con e-parent\" data-id=\"2f32672\" data-element_type=\"container\">\n\t\t\t\t\t<div class=\"e-con-inner\">\n\t\t\t\t<div class=\"elementor-element elementor-element-264a69a elementor-widget elementor-widget-image\" data-id=\"264a69a\" data-element_type=\"widget\" data-widget_type=\"image.default\">\n\t\t\t\t<div class=\"elementor-widget-container\">\n\t\t\t\t\t\t\t\t\t\t\t\t\t\t\t<img decoding=\"async\" width=\"300\" height=\"94\" src=\"https:\/\/ppci74.fr\/wp-content\/uploads\/2025\/02\/logo-utac-otc-groupe-site-web-300x94.png\" class=\"attachment-medium size-medium wp-image-234\" alt=\"\" srcset=\"https:\/\/ppci74.fr\/wp-content\/uploads\/2025\/02\/logo-utac-otc-groupe-site-web-300x94.png 300w, https:\/\/ppci74.fr\/wp-content\/uploads\/2025\/02\/logo-utac-otc-groupe-site-web-1024x320.png 1024w, https:\/\/ppci74.fr\/wp-content\/uploads\/2025\/02\/logo-utac-otc-groupe-site-web-768x240.png 768w, https:\/\/ppci74.fr\/wp-content\/uploads\/2025\/02\/logo-utac-otc-groupe-site-web-1536x480.png 1536w, https:\/\/ppci74.fr\/wp-content\/uploads\/2025\/02\/logo-utac-otc-groupe-site-web-1920x600.png 1920w, https:\/\/ppci74.fr\/wp-content\/uploads\/2025\/02\/logo-utac-otc-groupe-site-web.png 1944w\" sizes=\"(max-width: 300px) 100vw, 300px\" \/>\t\t\t\t\t\t\t\t\t\t\t\t\t\t\t<\/div>\n\t\t\t\t<\/div>\n\t\t\t\t<div class=\"elementor-element elementor-element-2b502a9 elementor-widget elementor-widget-image\" data-id=\"2b502a9\" data-element_type=\"widget\" data-widget_type=\"image.default\">\n\t\t\t\t<div class=\"elementor-widget-container\">\n\t\t\t\t\t\t\t\t\t\t\t\t\t\t\t<img decoding=\"async\" width=\"270\" height=\"140\" src=\"https:\/\/ppci74.fr\/wp-content\/uploads\/2026\/03\/088d6cfb-4828-4e6a-8cb0-c6ede20f7557.png\" class=\"attachment-large size-large wp-image-286\" alt=\"\" \/>\t\t\t\t\t\t\t\t\t\t\t\t\t\t\t<\/div>\n\t\t\t\t<\/div>\n\t\t\t\t\t<\/div>\n\t\t\t\t<\/div>\n\t\t<div class=\"elementor-element elementor-element-7d3107b e-flex e-con-boxed e-con e-parent\" data-id=\"7d3107b\" data-element_type=\"container\">\n\t\t\t\t\t<div class=\"e-con-inner\">\n\t\t\t\t<div class=\"elementor-element elementor-element-3496a66 elementor-widget elementor-widget-heading\" data-id=\"3496a66\" data-element_type=\"widget\" data-widget_type=\"heading.default\">\n\t\t\t\t<div class=\"elementor-widget-container\">\n\t\t\t\t\t<h2 class=\"elementor-heading-title elementor-size-default\"><br><br>Situation g\u00e9ographique id\u00e9ale : <\/h2>\t\t\t\t<\/div>\n\t\t\t\t<\/div>\n\t\t\t\t\t<\/div>\n\t\t\t\t<\/div>\n\t\t<div class=\"elementor-element elementor-element-182df1c e-con-full e-flex e-con e-parent\" data-id=\"182df1c\" data-element_type=\"container\">\n\t\t<div class=\"elementor-element elementor-element-9dc807a e-con-full e-flex e-con e-child\" data-id=\"9dc807a\" data-element_type=\"container\">\n\t\t\t\t<div class=\"elementor-element elementor-element-fbdb899 elementor-widget__width-initial elementor-widget elementor-widget-google_maps\" data-id=\"fbdb899\" data-element_type=\"widget\" data-widget_type=\"google_maps.default\">\n\t\t\t\t<div class=\"elementor-widget-container\">\n\t\t\t\t\t\t\t<div class=\"elementor-custom-embed\">\n\t\t\t<iframe loading=\"lazy\"\n\t\t\t\t\tsrc=\"https:\/\/maps.google.com\/maps?q=pascal%20poncet%2C&#038;t=m&#038;z=10&#038;output=embed&#038;iwloc=near\"\n\t\t\t\t\ttitle=\"pascal poncet,\"\n\t\t\t\t\taria-label=\"pascal poncet,\"\n\t\t\t><\/iframe>\n\t\t<\/div>\n\t\t\t\t\t\t<\/div>\n\t\t\t\t<\/div>\n\t\t\t\t<\/div>\n\t\t<div class=\"elementor-element elementor-element-a37b07d e-con-full e-flex e-con e-child\" data-id=\"a37b07d\" data-element_type=\"container\">\n\t\t<div class=\"elementor-element elementor-element-ded8c86 e-con-full e-flex e-con e-child\" data-id=\"ded8c86\" data-element_type=\"container\">\n\t\t\t\t<div class=\"elementor-element elementor-element-176dfcd elementor-widget elementor-widget-text-editor\" data-id=\"176dfcd\" data-element_type=\"widget\" data-widget_type=\"text-editor.default\">\n\t\t\t\t<div class=\"elementor-widget-container\">\n\t\t\t\t\t\t\t\t\t<p>Implant\u00e9e \u00e0 <strong data-start=\"280\" data-end=\"312\">La Balme-de-Sillingy (74330)<\/strong>, notre carrosserie industrielle b\u00e9n\u00e9ficie d\u2019une localisation strat\u00e9gique \u00e0 proximit\u00e9 imm\u00e9diate d\u2019Annecy.<\/p>\n<p data-start=\"419\" data-end=\"523\">Nous accompagnons les professionnels situ\u00e9s dans tout le bassin ann\u00e9cien et les communes environnantes, gr\u00e2ce \u00e0 notre accessibilit\u00e9 rapide depuis les grands axes routiers, nous intervenons efficacement dans l\u2019ensemble de la Haute-Savoie (74) :&nbsp;<\/p>\n<p data-start=\"419\" data-end=\"523\">Annecy \u2013 Rumilly \u2013 Epagny Metz-Tessy \u2013 Th\u00f4nes \u2013 Cluses \u2013 La Roche-sur-Foron &#8211; Gen\u00e8ve et ses environs.<\/p>\t\t\t\t\t\t\t\t<\/div>\n\t\t\t\t<\/div>\n\t\t\t\t<\/div>\n\t\t<div class=\"elementor-element elementor-element-835a626 e-con-full e-flex e-con e-child\" data-id=\"835a626\" data-element_type=\"container\">\n\t\t\t\t<\/div>\n\t\t\t\t<\/div>\n\t\t\t\t<\/div>\n\t\t\t\t<\/div>\n\t\t","protected":false},"excerpt":{"rendered":"<p>Bienvenue chez PPCI Carrosserie Industrielle P P C I Carrosserie Industrielle accompagne les professionnels dans la transformation et l\u2019optimisation de leurs v\u00e9hicules utilitaires et industriels. Bennes, plateaux, hayons, am\u00e9nagements sur-mesure : nous concevons des solutions adapt\u00e9es \u00e0 votre m\u00e9tier et \u00e0 vos exigences. Fabrication sur mesure Bas\u00e9s en Haute-Savoie (74) Devis rapide et gratuit Demander [&hellip;]<\/p>\n","protected":false},"author":1,"featured_media":0,"parent":0,"menu_order":0,"comment_status":"closed","ping_status":"closed","template":"","meta":{"saved_in_kubio":false,"footnotes":""},"class_list":["post-130","page","type-page","status-publish","hentry"],"kubio_ai_page_context":{"short_desc":"","purpose":"general"},"_links":{"self":[{"href":"https:\/\/ppci74.fr\/index.php\/wp-json\/wp\/v2\/pages\/130","targetHints":{"allow":["GET"]}}],"collection":[{"href":"https:\/\/ppci74.fr\/index.php\/wp-json\/wp\/v2\/pages"}],"about":[{"href":"https:\/\/ppci74.fr\/index.php\/wp-json\/wp\/v2\/types\/page"}],"author":[{"embeddable":true,"href":"https:\/\/ppci74.fr\/index.php\/wp-json\/wp\/v2\/users\/1"}],"replies":[{"embeddable":true,"href":"https:\/\/ppci74.fr\/index.php\/wp-json\/wp\/v2\/comments?post=130"}],"version-history":[{"count":49,"href":"https:\/\/ppci74.fr\/index.php\/wp-json\/wp\/v2\/pages\/130\/revisions"}],"predecessor-version":[{"id":306,"href":"https:\/\/ppci74.fr\/index.php\/wp-json\/wp\/v2\/pages\/130\/revisions\/306"}],"wp:attachment":[{"href":"https:\/\/ppci74.fr\/index.php\/wp-json\/wp\/v2\/media?parent=130"}],"curies":[{"name":"wp","href":"https:\/\/api.w.org\/{rel}","templated":true}]}}